{"id":207,"date":"2024-02-28T22:38:50","date_gmt":"2024-02-28T21:38:50","guid":{"rendered":"https:\/\/felixwebdesign.de\/impressum\/"},"modified":"2024-03-23T23:09:27","modified_gmt":"2024-03-23T22:09:27","slug":"impressum","status":"publish","type":"page","link":"https:\/\/felixwebdesign.de\/de\/impressum\/","title":{"rendered":"Impressum"},"content":{"rendered":"\n<p>Felix Hahn<br>Seeblick 14<br>D-82237 W\u00f6rthsee<br>E-Mail: <a href=\"mailto:info@felixwebdesign.de\">info@felixwebdesign.de<\/a><br><br>Gem\u00e4\u00df Kleinunternehmerstatus nach \u00a7 19 UStG wird die Mehrwertsteuer nicht ausgewiesen.<\/p>\n\n\n<div class=\"woocommerce woocommerce-gzd woocommerce-gzd-complaints-shortcode\">\n\t\t\t<h3>Alternative Streitbeilegung gem\u00e4\u00df Art. 14 Abs. 1 ODR-VO und \u00a7 36 VSBG:<\/h3>\n\t\nZur Teilnahme an einem Streitbeilegungsverfahren vor einer Verbraucherschlichtungsstelle sind wir nicht verpflichtet und nicht bereit.<\/div>","protected":false},"excerpt":{"rendered":"<p>Felix HahnSeeblick 14D-82237 W\u00f6rthseeE-Mail: info@felixwebdesign.de Gem\u00e4\u00df Kleinunternehmerstatus nach \u00a7 19 UStG wird die Mehrwertsteuer nicht ausgewiesen.<\/p>\n","protected":false},"author":1,"featured_media":0,"parent":0,"menu_order":0,"comment_status":"closed","ping_status":"closed","template":"","meta":{"site-sidebar-layout":"default","site-content-layout":"","ast-site-content-layout":"default","site-content-style":"default","site-sidebar-style":"default","ast-global-header-display":"","ast-banner-title-visibility":"","ast-main-header-display":"","ast-hfb-above-header-display":"","ast-hfb-below-header-display":"","ast-hfb-mobile-header-display":"","site-post-title":"","ast-breadcrumbs-content":"","ast-featured-img":"","footer-sml-layout":"","ast-disable-related-posts":"","theme-transparent-header-meta":"","adv-header-id-meta":"","stick-header-meta":"","header-above-stick-meta":"","header-main-stick-meta":"","header-below-stick-meta":"","astra-migrate-meta-layouts":"default","ast-page-background-enabled":"default","ast-page-background-meta":{"desktop":{"background-color":"var(--ast-global-color-4)","background-image":"","background-repeat":"repeat","background-position":"center center","background-size":"auto","background-attachment":"scroll","background-type":"","background-media":"","overlay-type":"","overlay-color":"","overlay-opacity":"","overlay-gradient":""},"tablet":{"background-color":"","background-image":"","background-repeat":"repeat","background-position":"center center","background-size":"auto","background-attachment":"scroll","background-type":"","background-media":"","overlay-type":"","overlay-color":"","overlay-opacity":"","overlay-gradient":""},"mobile":{"background-color":"","background-image":"","background-repeat":"repeat","background-position":"center center","background-size":"auto","background-attachment":"scroll","background-type":"","background-media":"","overlay-type":"","overlay-color":"","overlay-opacity":"","overlay-gradient":""}},"ast-content-background-meta":{"desktop":{"background-color":"var(--ast-global-color-5)","background-image":"","background-repeat":"repeat","background-position":"center center","background-size":"auto","background-attachment":"scroll","background-type":"","background-media":"","overlay-type":"","overlay-color":"","overlay-opacity":"","overlay-gradient":""},"tablet":{"background-color":"var(--ast-global-color-5)","background-image":"","background-repeat":"repeat","background-position":"center center","background-size":"auto","background-attachment":"scroll","background-type":"","background-media":"","overlay-type":"","overlay-color":"","overlay-opacity":"","overlay-gradient":""},"mobile":{"background-color":"var(--ast-global-color-5)","background-image":"","background-repeat":"repeat","background-position":"center center","background-size":"auto","background-attachment":"scroll","background-type":"","background-media":"","overlay-type":"","overlay-color":"","overlay-opacity":"","overlay-gradient":""}},"footnotes":""},"class_list":["post-207","page","type-page","status-publish","hentry"],"yoast_head":"<!-- This site is optimized with the Yoast SEO plugin v27.4 - https:\/\/yoast.com\/product\/yoast-seo-wordpress\/ -->\n<title>Impressum - Felix Webdesign<\/title>\n<meta name=\"robots\" content=\"index, follow, max-snippet:-1, max-image-preview:large, max-video-preview:-1\" \/>\n<link rel=\"canonical\" href=\"https:\/\/felixwebdesign.de\/de\/impressum\/\" \/>\n<meta property=\"og:locale\" content=\"de_DE\" \/>\n<meta property=\"og:type\" content=\"article\" \/>\n<meta property=\"og:title\" content=\"Impressum - Felix Webdesign\" \/>\n<meta property=\"og:description\" content=\"Felix HahnSeeblick 14D-82237 W\u00f6rthseeE-Mail: info@felixwebdesign.de Gem\u00e4\u00df Kleinunternehmerstatus nach \u00a7 19 UStG wird die Mehrwertsteuer nicht ausgewiesen.\" \/>\n<meta property=\"og:url\" content=\"https:\/\/felixwebdesign.de\/de\/impressum\/\" \/>\n<meta property=\"og:site_name\" content=\"Felix Webdesign\" \/>\n<meta property=\"article:modified_time\" content=\"2024-03-23T22:09:27+00:00\" \/>\n<meta property=\"og:image\" content=\"https:\/\/felixwebdesign.de\/wp-content\/uploads\/2024\/02\/logo-transparenz.png\" \/>\n\t<meta property=\"og:image:width\" content=\"500\" \/>\n\t<meta property=\"og:image:height\" content=\"500\" \/>\n\t<meta property=\"og:image:type\" content=\"image\/png\" \/>\n<meta name=\"twitter:card\" content=\"summary_large_image\" \/>\n<meta name=\"twitter:label1\" content=\"Gesch\u00e4tzte Lesezeit\" \/>\n\t<meta name=\"twitter:data1\" content=\"1\u00a0Minute\" \/>\n<script type=\"application\/ld+json\" class=\"yoast-schema-graph\">{\"@context\":\"https:\\\/\\\/schema.org\",\"@graph\":[{\"@type\":\"WebPage\",\"@id\":\"https:\\\/\\\/felixwebdesign.de\\\/en\\\/impressum\\\/\",\"url\":\"https:\\\/\\\/felixwebdesign.de\\\/en\\\/impressum\\\/\",\"name\":\"Impressum - Felix Webdesign\",\"isPartOf\":{\"@id\":\"https:\\\/\\\/felixwebdesign.de\\\/en\\\/#website\"},\"datePublished\":\"2024-02-28T21:38:50+00:00\",\"dateModified\":\"2024-03-23T22:09:27+00:00\",\"breadcrumb\":{\"@id\":\"https:\\\/\\\/felixwebdesign.de\\\/en\\\/impressum\\\/#breadcrumb\"},\"inLanguage\":\"de\",\"potentialAction\":[{\"@type\":\"ReadAction\",\"target\":[\"https:\\\/\\\/felixwebdesign.de\\\/en\\\/impressum\\\/\"]}]},{\"@type\":\"BreadcrumbList\",\"@id\":\"https:\\\/\\\/felixwebdesign.de\\\/en\\\/impressum\\\/#breadcrumb\",\"itemListElement\":[{\"@type\":\"ListItem\",\"position\":1,\"name\":\"Startseite\",\"item\":\"https:\\\/\\\/felixwebdesign.de\\\/\"},{\"@type\":\"ListItem\",\"position\":2,\"name\":\"Impressum\"}]},{\"@type\":\"WebSite\",\"@id\":\"https:\\\/\\\/felixwebdesign.de\\\/en\\\/#website\",\"url\":\"https:\\\/\\\/felixwebdesign.de\\\/en\\\/\",\"name\":\"Felix Webdesign\",\"description\":\"\",\"publisher\":{\"@id\":\"https:\\\/\\\/felixwebdesign.de\\\/en\\\/#organization\"},\"potentialAction\":[{\"@type\":\"SearchAction\",\"target\":{\"@type\":\"EntryPoint\",\"urlTemplate\":\"https:\\\/\\\/felixwebdesign.de\\\/en\\\/?s={search_term_string}\"},\"query-input\":{\"@type\":\"PropertyValueSpecification\",\"valueRequired\":true,\"valueName\":\"search_term_string\"}}],\"inLanguage\":\"de\"},{\"@type\":\"Organization\",\"@id\":\"https:\\\/\\\/felixwebdesign.de\\\/en\\\/#organization\",\"name\":\"Felix Webdesign\",\"url\":\"https:\\\/\\\/felixwebdesign.de\\\/en\\\/\",\"logo\":{\"@type\":\"ImageObject\",\"inLanguage\":\"de\",\"@id\":\"https:\\\/\\\/felixwebdesign.de\\\/en\\\/#\\\/schema\\\/logo\\\/image\\\/\",\"url\":\"https:\\\/\\\/felixwebdesign.de\\\/wp-content\\\/uploads\\\/2024\\\/02\\\/logo-transparenz.png\",\"contentUrl\":\"https:\\\/\\\/felixwebdesign.de\\\/wp-content\\\/uploads\\\/2024\\\/02\\\/logo-transparenz.png\",\"width\":500,\"height\":500,\"caption\":\"Felix Webdesign\"},\"image\":{\"@id\":\"https:\\\/\\\/felixwebdesign.de\\\/en\\\/#\\\/schema\\\/logo\\\/image\\\/\"}}]}<\/script>\n<!-- \/ Yoast SEO plugin. -->","yoast_head_json":{"title":"Impressum - Felix Webdesign","robots":{"index":"index","follow":"follow","max-snippet":"max-snippet:-1","max-image-preview":"max-image-preview:large","max-video-preview":"max-video-preview:-1"},"canonical":"https:\/\/felixwebdesign.de\/de\/impressum\/","og_locale":"de_DE","og_type":"article","og_title":"Impressum - Felix Webdesign","og_description":"Felix HahnSeeblick 14D-82237 W\u00f6rthseeE-Mail: info@felixwebdesign.de Gem\u00e4\u00df Kleinunternehmerstatus nach \u00a7 19 UStG wird die Mehrwertsteuer nicht ausgewiesen.","og_url":"https:\/\/felixwebdesign.de\/de\/impressum\/","og_site_name":"Felix Webdesign","article_modified_time":"2024-03-23T22:09:27+00:00","og_image":[{"width":500,"height":500,"url":"https:\/\/felixwebdesign.de\/wp-content\/uploads\/2024\/02\/logo-transparenz.png","type":"image\/png"}],"twitter_card":"summary_large_image","twitter_misc":{"Gesch\u00e4tzte Lesezeit":"1\u00a0Minute"},"schema":{"@context":"https:\/\/schema.org","@graph":[{"@type":"WebPage","@id":"https:\/\/felixwebdesign.de\/en\/impressum\/","url":"https:\/\/felixwebdesign.de\/en\/impressum\/","name":"Impressum - Felix Webdesign","isPartOf":{"@id":"https:\/\/felixwebdesign.de\/en\/#website"},"datePublished":"2024-02-28T21:38:50+00:00","dateModified":"2024-03-23T22:09:27+00:00","breadcrumb":{"@id":"https:\/\/felixwebdesign.de\/en\/impressum\/#breadcrumb"},"inLanguage":"de","potentialAction":[{"@type":"ReadAction","target":["https:\/\/felixwebdesign.de\/en\/impressum\/"]}]},{"@type":"BreadcrumbList","@id":"https:\/\/felixwebdesign.de\/en\/impressum\/#breadcrumb","itemListElement":[{"@type":"ListItem","position":1,"name":"Startseite","item":"https:\/\/felixwebdesign.de\/"},{"@type":"ListItem","position":2,"name":"Impressum"}]},{"@type":"WebSite","@id":"https:\/\/felixwebdesign.de\/en\/#website","url":"https:\/\/felixwebdesign.de\/en\/","name":"Felix Webdesign","description":"","publisher":{"@id":"https:\/\/felixwebdesign.de\/en\/#organization"},"potentialAction":[{"@type":"SearchAction","target":{"@type":"EntryPoint","urlTemplate":"https:\/\/felixwebdesign.de\/en\/?s={search_term_string}"},"query-input":{"@type":"PropertyValueSpecification","valueRequired":true,"valueName":"search_term_string"}}],"inLanguage":"de"},{"@type":"Organization","@id":"https:\/\/felixwebdesign.de\/en\/#organization","name":"Felix Webdesign","url":"https:\/\/felixwebdesign.de\/en\/","logo":{"@type":"ImageObject","inLanguage":"de","@id":"https:\/\/felixwebdesign.de\/en\/#\/schema\/logo\/image\/","url":"https:\/\/felixwebdesign.de\/wp-content\/uploads\/2024\/02\/logo-transparenz.png","contentUrl":"https:\/\/felixwebdesign.de\/wp-content\/uploads\/2024\/02\/logo-transparenz.png","width":500,"height":500,"caption":"Felix Webdesign"},"image":{"@id":"https:\/\/felixwebdesign.de\/en\/#\/schema\/logo\/image\/"}}]}},"_links":{"self":[{"href":"https:\/\/felixwebdesign.de\/de\/wp-json\/wp\/v2\/pages\/207","targetHints":{"allow":["GET"]}}],"collection":[{"href":"https:\/\/felixwebdesign.de\/de\/wp-json\/wp\/v2\/pages"}],"about":[{"href":"https:\/\/felixwebdesign.de\/de\/wp-json\/wp\/v2\/types\/page"}],"author":[{"embeddable":true,"href":"https:\/\/felixwebdesign.de\/de\/wp-json\/wp\/v2\/users\/1"}],"replies":[{"embeddable":true,"href":"https:\/\/felixwebdesign.de\/de\/wp-json\/wp\/v2\/comments?post=207"}],"version-history":[{"count":2,"href":"https:\/\/felixwebdesign.de\/de\/wp-json\/wp\/v2\/pages\/207\/revisions"}],"predecessor-version":[{"id":287,"href":"https:\/\/felixwebdesign.de\/de\/wp-json\/wp\/v2\/pages\/207\/revisions\/287"}],"wp:attachment":[{"href":"https:\/\/felixwebdesign.de\/de\/wp-json\/wp\/v2\/media?parent=207"}],"curies":[{"name":"wp","href":"https:\/\/api.w.org\/{rel}","templated":true}]}}