{"id":209,"date":"2024-02-28T22:38:50","date_gmt":"2024-02-28T21:38:50","guid":{"rendered":"https:\/\/felixwebdesign.de\/agb\/"},"modified":"2024-04-08T21:29:21","modified_gmt":"2024-04-08T19:29:21","slug":"agb","status":"publish","type":"page","link":"https:\/\/felixwebdesign.de\/de\/agb\/","title":{"rendered":"AGB"},"content":{"rendered":"\n<p>Die Verkaufsbedingungen gelten f\u00fcr den Verkauf von Humhub-Modulen.<\/p>\n\n\n\n<h2 class=\"wp-block-heading\">Zahlungsbedingungen<\/h2>\n\n\n\n<p>Es gelten die auf <a href=\"https:\/\/felixwebdesign.de\">FelixWebdesign.de<\/a> angegebenen Preise.<\/p>\n\n\n\n<p>Die Bezahlung erfolgt online oder per Bank\u00fcberweisung. FelixWebdesign.de stellt den Nutzern Rechnungen aus, die ihnen nach der Bezahlung im PDF-Format (per E-Mail) zugesandt werden.<\/p>\n\n\n\n<p>Beim Kauf eines neuen Moduls erhalten Sie von FelixWebdesign.de eine Lizenz, die ein Jahr lang g\u00fcltig ist. Diese Lizenz erm\u00f6glicht es Ihnen, das Modul \u00fcber den HumHub-Marktplatz auf dem neuesten Stand zu halten.<\/p>\n\n\n\n<p>Es ist m\u00f6glich, die Lizenz zu dem auf FelixWebdesign.de angegebenen Preis zu verl\u00e4ngern. Ihre Lizenz ist dann bis zum Jahrestag des Kaufs des Moduls g\u00fcltig. Beispiel: Wenn Sie ein Modul am 23.03.2024 kaufen und die Lizenz versp\u00e4tet verl\u00e4ngern, zum Beispiel am 18.04.2025, ist Ihre Lizenz bis zum 23.03.2026 g\u00fcltig. Wenn die Lizenz 6 Monate lang nicht verl\u00e4ngert wurde, m\u00fcssen Sie eine neue Lizenz zum angegebenen Preis erwerben, um ein neues Modul zu kaufen.<\/p>\n\n\n\n<p>Bereits bezahlte Geb\u00fchren werden nicht zur\u00fcckerstattet, au\u00dfer in besonderen F\u00e4llen auf Anfrage.<\/p>\n\n\n\n<h2 class=\"wp-block-heading\">Haftung\/Gew\u00e4hrleistung<\/h2>\n\n\n\n<ol class=\"wp-block-list\">\n<li>Beide Parteien sind sich dar\u00fcber einig, dass es nach dem derzeitigen Stand der Technik nicht m\u00f6glich ist, Fehler in der Software unter allen Anwendungsbedingungen auszuschlie\u00dfen.<\/li>\n\n\n\n<li>FelixWebdesign.de haftet nicht f\u00fcr Sch\u00e4den, die sich aus der Nutzung dieser Software oder der Unm\u00f6glichkeit der Nutzung dieser Software ergeben (einschlie\u00dflich &#8211; aber nicht beschr\u00e4nkt auf &#8211; Sch\u00e4den aus entgangenem Gewinn, Betriebsunterbrechungen, Verlust von gesch\u00e4ftlichen Informationen oder Daten oder anderen finanziellen Verlusten), selbst wenn FelixWebdesign.de \u00fcber die M\u00f6glichkeit solcher Sch\u00e4den informiert wurde. Dies gilt nicht, wenn die Haftung aufgrund von Vorsatz oder grober Fahrl\u00e4ssigkeit zwingend ist.<\/li>\n\n\n\n<li>FelixWebdesign.de \u00fcbernimmt keine Gew\u00e4hrleistung f\u00fcr Software, die vom Kunden nachtr\u00e4glich ge\u00e4ndert wurde, es sei denn, der Kunde weist nach, dass die \u00c4nderung nicht zu dem gemeldeten Mangel gef\u00fchrt hat.<\/li>\n\n\n\n<li>Die Nacherf\u00fcllung kann insbesondere dadurch erfolgen, dass eine neue Programmversion herausgegeben wird oder FelixWebdesign.de Hinweise gibt, wie die Auswirkungen des Mangels vermieden werden k\u00f6nnen. Der Kunde ist verpflichtet, einen neuen Programmstand auch dann abzunehmen, wenn dies einen notwendigen, aber zumutbaren Anpassungsaufwand erfordert.<\/li>\n<\/ol>\n\n\n\n<h2 class=\"wp-block-heading\">\u00c4nderungen<\/h2>\n\n\n\n<p>Wir behalten uns vor, diese Bedingungen von Zeit zu Zeit zu aktualisieren, um beispielsweise \u00c4nderungen unserer Praktiken oder andere betriebliche, rechtliche oder regulatorische Gr\u00fcnde zu ber\u00fccksichtigen.<\/p>\n\n\n\n<h2 class=\"wp-block-heading\">\u00dcber uns<\/h2>\n\n\n\n<p>Inhaber der Website und verantwortlich f\u00fcr die Ver\u00f6ffentlichung: Felix Hahn \u2013 Seeblick 14, 82237 W\u00f6rthsee, Deutschland<\/p>\n\n\n\n<p>Server-Anbieter: Strato AG &#8211; Otto-Ostrowski-Stra\u00dfe 7, 10249 Berlin<\/p>\n\n\n<div class=\"woocommerce woocommerce-gzd woocommerce-gzd-complaints-shortcode\">\n\t\t\t<h3>Alternative Streitbeilegung gem\u00e4\u00df Art. 14 Abs. 1 ODR-VO und \u00a7 36 VSBG:<\/h3>\n\t\nZur Teilnahme an einem Streitbeilegungsverfahren vor einer Verbraucherschlichtungsstelle sind wir nicht verpflichtet und nicht bereit.<\/div>","protected":false},"excerpt":{"rendered":"<p>Die Verkaufsbedingungen gelten f\u00fcr den Verkauf von Humhub-Modulen. Zahlungsbedingungen Es gelten die auf FelixWebdesign.de angegebenen Preise. Die Bezahlung erfolgt online [&hellip;]<\/p>\n","protected":false},"author":1,"featured_media":0,"parent":0,"menu_order":0,"comment_status":"closed","ping_status":"closed","template":"","meta":{"site-sidebar-layout":"default","site-content-layout":"","ast-site-content-layout":"default","site-content-style":"default","site-sidebar-style":"default","ast-global-header-display":"","ast-banner-title-visibility":"","ast-main-header-display":"","ast-hfb-above-header-display":"","ast-hfb-below-header-display":"","ast-hfb-mobile-header-display":"","site-post-title":"","ast-breadcrumbs-content":"","ast-featured-img":"","footer-sml-layout":"","ast-disable-related-posts":"","theme-transparent-header-meta":"","adv-header-id-meta":"","stick-header-meta":"","header-above-stick-meta":"","header-main-stick-meta":"","header-below-stick-meta":"","astra-migrate-meta-layouts":"default","ast-page-background-enabled":"default","ast-page-background-meta":{"desktop":{"background-color":"var(--ast-global-color-4)","background-image":"","background-repeat":"repeat","background-position":"center center","background-size":"auto","background-attachment":"scroll","background-type":"","background-media":"","overlay-type":"","overlay-color":"","overlay-opacity":"","overlay-gradient":""},"tablet":{"background-color":"","background-image":"","background-repeat":"repeat","background-position":"center center","background-size":"auto","background-attachment":"scroll","background-type":"","background-media":"","overlay-type":"","overlay-color":"","overlay-opacity":"","overlay-gradient":""},"mobile":{"background-color":"","background-image":"","background-repeat":"repeat","background-position":"center center","background-size":"auto","background-attachment":"scroll","background-type":"","background-media":"","overlay-type":"","overlay-color":"","overlay-opacity":"","overlay-gradient":""}},"ast-content-background-meta":{"desktop":{"background-color":"var(--ast-global-color-5)","background-image":"","background-repeat":"repeat","background-position":"center center","background-size":"auto","background-attachment":"scroll","background-type":"","background-media":"","overlay-type":"","overlay-color":"","overlay-opacity":"","overlay-gradient":""},"tablet":{"background-color":"var(--ast-global-color-5)","background-image":"","background-repeat":"repeat","background-position":"center center","background-size":"auto","background-attachment":"scroll","background-type":"","background-media":"","overlay-type":"","overlay-color":"","overlay-opacity":"","overlay-gradient":""},"mobile":{"background-color":"var(--ast-global-color-5)","background-image":"","background-repeat":"repeat","background-position":"center center","background-size":"auto","background-attachment":"scroll","background-type":"","background-media":"","overlay-type":"","overlay-color":"","overlay-opacity":"","overlay-gradient":""}},"footnotes":""},"class_list":["post-209","page","type-page","status-publish","hentry"],"yoast_head":"<!-- This site is optimized with the Yoast SEO plugin v27.4 - https:\/\/yoast.com\/product\/yoast-seo-wordpress\/ -->\n<title>AGB - Felix Webdesign<\/title>\n<meta name=\"robots\" content=\"index, follow, max-snippet:-1, max-image-preview:large, max-video-preview:-1\" \/>\n<link rel=\"canonical\" href=\"https:\/\/felixwebdesign.de\/de\/agb\/\" \/>\n<meta property=\"og:locale\" content=\"de_DE\" \/>\n<meta property=\"og:type\" content=\"article\" \/>\n<meta property=\"og:title\" content=\"AGB - Felix Webdesign\" \/>\n<meta property=\"og:description\" content=\"Die Verkaufsbedingungen gelten f\u00fcr den Verkauf von Humhub-Modulen. Zahlungsbedingungen Es gelten die auf FelixWebdesign.de angegebenen Preise. Die Bezahlung erfolgt online [&hellip;]\" \/>\n<meta property=\"og:url\" content=\"https:\/\/felixwebdesign.de\/de\/agb\/\" \/>\n<meta property=\"og:site_name\" content=\"Felix Webdesign\" \/>\n<meta property=\"article:modified_time\" content=\"2024-04-08T19:29:21+00:00\" \/>\n<meta property=\"og:image\" content=\"https:\/\/felixwebdesign.de\/wp-content\/uploads\/2024\/02\/logo-transparenz.png\" \/>\n\t<meta property=\"og:image:width\" content=\"500\" \/>\n\t<meta property=\"og:image:height\" content=\"500\" \/>\n\t<meta property=\"og:image:type\" content=\"image\/png\" \/>\n<meta name=\"twitter:card\" content=\"summary_large_image\" \/>\n<meta name=\"twitter:label1\" content=\"Gesch\u00e4tzte Lesezeit\" \/>\n\t<meta name=\"twitter:data1\" content=\"3\u00a0Minuten\" \/>\n<script type=\"application\/ld+json\" class=\"yoast-schema-graph\">{\"@context\":\"https:\\\/\\\/schema.org\",\"@graph\":[{\"@type\":\"WebPage\",\"@id\":\"https:\\\/\\\/felixwebdesign.de\\\/en\\\/agb\\\/\",\"url\":\"https:\\\/\\\/felixwebdesign.de\\\/en\\\/agb\\\/\",\"name\":\"AGB - Felix Webdesign\",\"isPartOf\":{\"@id\":\"https:\\\/\\\/felixwebdesign.de\\\/en\\\/#website\"},\"datePublished\":\"2024-02-28T21:38:50+00:00\",\"dateModified\":\"2024-04-08T19:29:21+00:00\",\"breadcrumb\":{\"@id\":\"https:\\\/\\\/felixwebdesign.de\\\/en\\\/agb\\\/#breadcrumb\"},\"inLanguage\":\"de\",\"potentialAction\":[{\"@type\":\"ReadAction\",\"target\":[\"https:\\\/\\\/felixwebdesign.de\\\/en\\\/agb\\\/\"]}]},{\"@type\":\"BreadcrumbList\",\"@id\":\"https:\\\/\\\/felixwebdesign.de\\\/en\\\/agb\\\/#breadcrumb\",\"itemListElement\":[{\"@type\":\"ListItem\",\"position\":1,\"name\":\"Startseite\",\"item\":\"https:\\\/\\\/felixwebdesign.de\\\/\"},{\"@type\":\"ListItem\",\"position\":2,\"name\":\"AGB\"}]},{\"@type\":\"WebSite\",\"@id\":\"https:\\\/\\\/felixwebdesign.de\\\/en\\\/#website\",\"url\":\"https:\\\/\\\/felixwebdesign.de\\\/en\\\/\",\"name\":\"Felix Webdesign\",\"description\":\"\",\"publisher\":{\"@id\":\"https:\\\/\\\/felixwebdesign.de\\\/en\\\/#organization\"},\"potentialAction\":[{\"@type\":\"SearchAction\",\"target\":{\"@type\":\"EntryPoint\",\"urlTemplate\":\"https:\\\/\\\/felixwebdesign.de\\\/en\\\/?s={search_term_string}\"},\"query-input\":{\"@type\":\"PropertyValueSpecification\",\"valueRequired\":true,\"valueName\":\"search_term_string\"}}],\"inLanguage\":\"de\"},{\"@type\":\"Organization\",\"@id\":\"https:\\\/\\\/felixwebdesign.de\\\/en\\\/#organization\",\"name\":\"Felix Webdesign\",\"url\":\"https:\\\/\\\/felixwebdesign.de\\\/en\\\/\",\"logo\":{\"@type\":\"ImageObject\",\"inLanguage\":\"de\",\"@id\":\"https:\\\/\\\/felixwebdesign.de\\\/en\\\/#\\\/schema\\\/logo\\\/image\\\/\",\"url\":\"https:\\\/\\\/felixwebdesign.de\\\/wp-content\\\/uploads\\\/2024\\\/02\\\/logo-transparenz.png\",\"contentUrl\":\"https:\\\/\\\/felixwebdesign.de\\\/wp-content\\\/uploads\\\/2024\\\/02\\\/logo-transparenz.png\",\"width\":500,\"height\":500,\"caption\":\"Felix Webdesign\"},\"image\":{\"@id\":\"https:\\\/\\\/felixwebdesign.de\\\/en\\\/#\\\/schema\\\/logo\\\/image\\\/\"}}]}<\/script>\n<!-- \/ Yoast SEO plugin. -->","yoast_head_json":{"title":"AGB - Felix Webdesign","robots":{"index":"index","follow":"follow","max-snippet":"max-snippet:-1","max-image-preview":"max-image-preview:large","max-video-preview":"max-video-preview:-1"},"canonical":"https:\/\/felixwebdesign.de\/de\/agb\/","og_locale":"de_DE","og_type":"article","og_title":"AGB - Felix Webdesign","og_description":"Die Verkaufsbedingungen gelten f\u00fcr den Verkauf von Humhub-Modulen. Zahlungsbedingungen Es gelten die auf FelixWebdesign.de angegebenen Preise. Die Bezahlung erfolgt online [&hellip;]","og_url":"https:\/\/felixwebdesign.de\/de\/agb\/","og_site_name":"Felix Webdesign","article_modified_time":"2024-04-08T19:29:21+00:00","og_image":[{"width":500,"height":500,"url":"https:\/\/felixwebdesign.de\/wp-content\/uploads\/2024\/02\/logo-transparenz.png","type":"image\/png"}],"twitter_card":"summary_large_image","twitter_misc":{"Gesch\u00e4tzte Lesezeit":"3\u00a0Minuten"},"schema":{"@context":"https:\/\/schema.org","@graph":[{"@type":"WebPage","@id":"https:\/\/felixwebdesign.de\/en\/agb\/","url":"https:\/\/felixwebdesign.de\/en\/agb\/","name":"AGB - Felix Webdesign","isPartOf":{"@id":"https:\/\/felixwebdesign.de\/en\/#website"},"datePublished":"2024-02-28T21:38:50+00:00","dateModified":"2024-04-08T19:29:21+00:00","breadcrumb":{"@id":"https:\/\/felixwebdesign.de\/en\/agb\/#breadcrumb"},"inLanguage":"de","potentialAction":[{"@type":"ReadAction","target":["https:\/\/felixwebdesign.de\/en\/agb\/"]}]},{"@type":"BreadcrumbList","@id":"https:\/\/felixwebdesign.de\/en\/agb\/#breadcrumb","itemListElement":[{"@type":"ListItem","position":1,"name":"Startseite","item":"https:\/\/felixwebdesign.de\/"},{"@type":"ListItem","position":2,"name":"AGB"}]},{"@type":"WebSite","@id":"https:\/\/felixwebdesign.de\/en\/#website","url":"https:\/\/felixwebdesign.de\/en\/","name":"Felix Webdesign","description":"","publisher":{"@id":"https:\/\/felixwebdesign.de\/en\/#organization"},"potentialAction":[{"@type":"SearchAction","target":{"@type":"EntryPoint","urlTemplate":"https:\/\/felixwebdesign.de\/en\/?s={search_term_string}"},"query-input":{"@type":"PropertyValueSpecification","valueRequired":true,"valueName":"search_term_string"}}],"inLanguage":"de"},{"@type":"Organization","@id":"https:\/\/felixwebdesign.de\/en\/#organization","name":"Felix Webdesign","url":"https:\/\/felixwebdesign.de\/en\/","logo":{"@type":"ImageObject","inLanguage":"de","@id":"https:\/\/felixwebdesign.de\/en\/#\/schema\/logo\/image\/","url":"https:\/\/felixwebdesign.de\/wp-content\/uploads\/2024\/02\/logo-transparenz.png","contentUrl":"https:\/\/felixwebdesign.de\/wp-content\/uploads\/2024\/02\/logo-transparenz.png","width":500,"height":500,"caption":"Felix Webdesign"},"image":{"@id":"https:\/\/felixwebdesign.de\/en\/#\/schema\/logo\/image\/"}}]}},"_links":{"self":[{"href":"https:\/\/felixwebdesign.de\/de\/wp-json\/wp\/v2\/pages\/209","targetHints":{"allow":["GET"]}}],"collection":[{"href":"https:\/\/felixwebdesign.de\/de\/wp-json\/wp\/v2\/pages"}],"about":[{"href":"https:\/\/felixwebdesign.de\/de\/wp-json\/wp\/v2\/types\/page"}],"author":[{"embeddable":true,"href":"https:\/\/felixwebdesign.de\/de\/wp-json\/wp\/v2\/users\/1"}],"replies":[{"embeddable":true,"href":"https:\/\/felixwebdesign.de\/de\/wp-json\/wp\/v2\/comments?post=209"}],"version-history":[{"count":2,"href":"https:\/\/felixwebdesign.de\/de\/wp-json\/wp\/v2\/pages\/209\/revisions"}],"predecessor-version":[{"id":379,"href":"https:\/\/felixwebdesign.de\/de\/wp-json\/wp\/v2\/pages\/209\/revisions\/379"}],"wp:attachment":[{"href":"https:\/\/felixwebdesign.de\/de\/wp-json\/wp\/v2\/media?parent=209"}],"curies":[{"name":"wp","href":"https:\/\/api.w.org\/{rel}","templated":true}]}}