{"id":328,"date":"2024-04-02T23:58:28","date_gmt":"2024-04-02T21:58:28","guid":{"rendered":"https:\/\/felixwebdesign.de\/?page_id=328"},"modified":"2025-07-27T11:32:57","modified_gmt":"2025-07-27T09:32:57","slug":"seo","status":"publish","type":"page","link":"https:\/\/felixwebdesign.de\/de\/humhub\/docs\/seo\/","title":{"rendered":"SEO f\u00fcr HumHub"},"content":{"rendered":"\n<p class=\"has-small-font-size\"><a href=\"https:\/\/github.com\/felixwebdesign\/humhub-seo#seo-for-humhub\"><\/a><\/p>\n\n\n\n<p>Das SEO-Modul hilft dir, dein HumHub-Netzwerk f\u00fcr Suchmaschinen (Google und Co.) zu optimieren.<\/p>\n\n\n\n<figure class=\"wp-block-image size-large is-resized has-custom-border is-style-default\"><img loading=\"lazy\" decoding=\"async\" width=\"1024\" height=\"492\" src=\"https:\/\/felixwebdesign.de\/wp-content\/uploads\/2024\/11\/Screenshot_1-1024x492.png\" alt=\"\" class=\"has-border-color wp-image-646\" style=\"border-color:var(--ast-global-color-6);border-width:5px;border-radius:5px;width:625px\" srcset=\"https:\/\/felixwebdesign.de\/wp-content\/uploads\/2024\/11\/Screenshot_1-1024x492.png 1024w, https:\/\/felixwebdesign.de\/wp-content\/uploads\/2024\/11\/Screenshot_1-300x144.png 300w, https:\/\/felixwebdesign.de\/wp-content\/uploads\/2024\/11\/Screenshot_1-768x369.png 768w, https:\/\/felixwebdesign.de\/wp-content\/uploads\/2024\/11\/Screenshot_1-1536x738.png 1536w, https:\/\/felixwebdesign.de\/wp-content\/uploads\/2024\/11\/Screenshot_1-18x9.png 18w, https:\/\/felixwebdesign.de\/wp-content\/uploads\/2024\/11\/Screenshot_1-600x288.png 600w, https:\/\/felixwebdesign.de\/wp-content\/uploads\/2024\/11\/Screenshot_1.png 1920w\" sizes=\"auto, (max-width: 1024px) 100vw, 1024px\" \/><figcaption class=\"wp-element-caption\">Screenshot 1: SEO-Einstellungen einer Seite<\/figcaption><\/figure>\n\n\n\n<h2 class=\"wp-block-heading\">1. Titel und Meta-Beschreibung<\/h2>\n\n\n\n<p><a href=\"https:\/\/github.com\/felixwebdesign\/humhub-seo#title-and-meta-description\"><\/a><\/p>\n\n\n\n<p>Titel und Beschreibung entscheiden, wie deine Seite in den Suchergebnissen erscheint und hilft Suchmaschinen deine Seite zu verstehen und einzuordnen.<\/p>\n\n\n\n<ul class=\"wp-block-list\">\n<li>HumHub setzt Standard-<strong>Titel<\/strong>, aber es lohnt sich diese an deine individuelle HumHub-Plattform anzupassen.<\/li>\n\n\n\n<li>Eine <strong>Meta-Beschreibung<\/strong> wird gar nicht gesetzt und daher k\u00f6nne Suchmaschinen merkw\u00fcrdige Ergebnisse anzeigen. Mit dem SEO-Modul kannst du eine Meta-Beschreigung f\u00fcr alle \u00f6ffentlichen Seiten definieren. (Beachte: Manchmal werden Google und Co. einen Auschnitt aus deinem Inhalt anstelle der Meta-Beschreibung anzeigen, passend zu den gesuchten W\u00f6rtern. Aber meistens wird die Meta-Beschreibung genutzt. Und zus\u00e4tzlich hilft sie Google zu verstehen, um was es auf der Seite geht.)<\/li>\n<\/ul>\n\n\n\n<p>Du hast zwei Wege, die SEO-Einstellungen einer Seite anzupassen:<\/p>\n\n\n\n<h3 class=\"wp-block-heading\">&#8211; Inhalts\u00fcbersicht<\/h3>\n\n\n\n<p>Die Admin-Seite &#8222;Inhalte&#8220; zeigt dir alle Seiten, die in den Sitemaps enthalten sind. Mit nur einem Klick kannst du deren SEO-Einstellungen bearbeiten.<\/p>\n\n\n\n<h3 class=\"wp-block-heading\">&#8211; SEO-Modus<\/h3>\n\n\n\n<p>Mit dem SEO-Modus kannst du durch dein Netzwerk navigieren. Ein Button wird hinzugef\u00fcgt \u00fcber den du die SEO-Einstellungen der aktuellen Seite bearbeiten kannst. Das funktioniert mit allen Seiten, die eine SEO-freundliche URL haben. Sei Version 1.1 werden auch Seiten mit einem &#8222;id&#8220;-Parameter (e.g. eCommerce-Produkte) unterst\u00fctzt.<\/p>\n\n\n\n<p>Titel und Meta-Beschreibung sind <strong>\u00fcbersetzbar<\/strong> wie in der <a href=\"https:\/\/docs.humhub.org\/docs\/admin\/translations#add-new-translations\" target=\"_blank\" rel=\"noreferrer noopener\">HumHub-Dokumentation<\/a> beschrieben. Die Message-Kategorie ist <code>SeoModule.custom<\/code><\/p>\n\n\n\n<h3 class=\"wp-block-heading\">Rechtliche Seiten (Legal Tools-Modul)<\/h3>\n\n\n\n<p>Um deine rechtlichen Seiten (Datenschutzerkl\u00e4rung, Nutzungsbedingungen und Impressum) SEO-freundlich zu machen, lies bitte <a href=\"https:\/\/felixwebdesign.de\/humhub-seo-legal-tools-module\/\">meinen Blog-Beitrag<\/a> dazu.<\/p>\n\n\n\n<h2 class=\"wp-block-heading\" id=\"sitemaps\">2. Sitemaps<\/h2>\n\n\n\n<p>Die Sitemap-Funktion muss in den Modul-Einstellungen aktiviert werden.<br>Sie funktioniert nur, wenn <strong>Gastzugriff<\/strong> in deinem HumHub-Netzwerk aktiviert ist.<\/p>\n\n\n\n<p>F\u00fcr jedes Element wird der Zeitpunkt der letzten \u00c4nderung (als <code><strong>lastmod<\/strong><\/code>) angegeben.<\/p>\n\n\n\n<div class=\"wp-block-group has-border-color has-vivid-cyan-blue-border-color is-layout-constrained wp-block-group-is-layout-constrained\" style=\"margin-top:var(--wp--preset--spacing--40);margin-bottom:var(--wp--preset--spacing--40);padding-top:var(--wp--preset--spacing--20);padding-bottom:var(--wp--preset--spacing--20)\">\n<p><strong>Welche Inhalte fehlen dir? Erstelle einen <a href=\"\/feature-request?module=SEO for HumHub\">Feature Request<\/a>.<\/strong><\/p>\n<\/div>\n\n\n\n<h3 class=\"wp-block-heading\">2.1 Sitemap Index<\/h3>\n\n\n\n<figure class=\"wp-block-image size-full is-resized has-custom-border\"><img loading=\"lazy\" decoding=\"async\" width=\"778\" height=\"325\" src=\"https:\/\/felixwebdesign.de\/wp-content\/uploads\/2024\/11\/Screenshot_4.png\" alt=\"\" class=\"has-border-color wp-image-650\" style=\"border-color:var(--ast-global-color-6);border-width:5px;border-radius:5px;width:625px;height:auto\" srcset=\"https:\/\/felixwebdesign.de\/wp-content\/uploads\/2024\/11\/Screenshot_4.png 778w, https:\/\/felixwebdesign.de\/wp-content\/uploads\/2024\/11\/Screenshot_4-300x125.png 300w, https:\/\/felixwebdesign.de\/wp-content\/uploads\/2024\/11\/Screenshot_4-768x321.png 768w, https:\/\/felixwebdesign.de\/wp-content\/uploads\/2024\/11\/Screenshot_4-18x8.png 18w, https:\/\/felixwebdesign.de\/wp-content\/uploads\/2024\/11\/Screenshot_4-600x251.png 600w\" sizes=\"auto, (max-width: 778px) 100vw, 778px\" \/><figcaption class=\"wp-element-caption\">Screenshot 2<\/figcaption><\/figure>\n\n\n\n<p><code>sitemap_index.xml<\/code> verlinkt auf bis zu 3 Sitemaps:<\/p>\n\n\n\n<ul class=\"wp-block-list\">\n<li><code>sitemap_global.xml<\/code><\/li>\n\n\n\n<li><code>sitemap_spaces.xml<\/code> (if at least one space is visible for guests)<\/li>\n\n\n\n<li><code>sitemap_useres.xml<\/code> (if at least one user profile is visible for guests)<\/li>\n<\/ul>\n\n\n\n<h3 class=\"wp-block-heading\">2.2 Global Sitemap<\/h3>\n\n\n\n<figure class=\"wp-block-image size-full is-resized has-custom-border\"><img loading=\"lazy\" decoding=\"async\" width=\"943\" height=\"557\" src=\"https:\/\/felixwebdesign.de\/wp-content\/uploads\/2024\/11\/Screenshot_5.png\" alt=\"\" class=\"has-border-color wp-image-651\" style=\"border-color:var(--ast-global-color-6);border-width:5px;border-radius:5px;width:625px\" srcset=\"https:\/\/felixwebdesign.de\/wp-content\/uploads\/2024\/11\/Screenshot_5.png 943w, https:\/\/felixwebdesign.de\/wp-content\/uploads\/2024\/11\/Screenshot_5-300x177.png 300w, https:\/\/felixwebdesign.de\/wp-content\/uploads\/2024\/11\/Screenshot_5-768x454.png 768w, https:\/\/felixwebdesign.de\/wp-content\/uploads\/2024\/11\/Screenshot_5-18x12.png 18w, https:\/\/felixwebdesign.de\/wp-content\/uploads\/2024\/11\/Screenshot_5-600x354.png 600w\" sizes=\"auto, (max-width: 943px) 100vw, 943px\" \/><figcaption class=\"wp-element-caption\">Screenshot 3<\/figcaption><\/figure>\n\n\n\n<p><code>sitemap_global.xml<\/code> listet die folgenden Inhalte auf:<\/p>\n\n\n\n<ul class=\"wp-block-list\">\n<li>Dashboard<\/li>\n\n\n\n<li>Spaces (if not hidden via configuration)<\/li>\n\n\n\n<li>Global Wiki Pages (wenn f\u00fcr G\u00e4ste sichtbar)*<\/li>\n\n\n\n<li>Global <a href=\"https:\/\/marketplace.humhub.com\/module\/custom_pages\/description\" target=\"_blank\" rel=\"noreferrer noopener\">Custom Pages<\/a> (wenn f\u00fcr G\u00e4ste sichtbar)*<\/li>\n\n\n\n<li>Global <a href=\"https:\/\/marketplace.humhub.com\/module\/calendar\/description\" target=\"_blank\" rel=\"noreferrer noopener\">Calendar<\/a> page (if shown in the top menu)*<\/li>\n\n\n\n<li><a href=\"https:\/\/marketplace.humhub.com\/module\/legal\/description\" target=\"_blank\" rel=\"noreferrer noopener\">Legal Pages<\/a> (wie im Footer-Men\u00fc)*<\/li>\n\n\n\n<li><a href=\"https:\/\/marketplace.humhub.com\/module\/members-map\/description\" target=\"_blank\" rel=\"noreferrer noopener\">Mitgliederkarte<\/a> (wenn f\u00fcr G\u00e4ste sichtbar)*<\/li>\n\n\n\n<li><a href=\"https:\/\/marketplace.humhub.com\/module\/events-map\/description\" target=\"_blank\" rel=\"noreferrer noopener\">Veranstaltungskarte<\/a>*<\/li>\n<\/ul>\n\n\n\n<p><strong>Seit Version 1.1.0<\/strong><\/p>\n\n\n\n<ul class=\"wp-block-list\">\n<li><a href=\"https:\/\/marketplace.humhub.com\/module\/ecommerce\/description\" target=\"_blank\" rel=\"noreferrer noopener\">eCommerce<\/a>-Produkte (wenn f\u00fcr G\u00e4ste sichtbar)*<\/li>\n\n\n\n<li>eCommerce-Shop (wenn mindestens 2 Produkte sichtbar sind)*<\/li>\n<\/ul>\n\n\n\n<p><strong>Seit Version 1.4.0<\/strong><\/p>\n\n\n\n<ul class=\"wp-block-list\">\n<li>Classified Spaces Space-Verzeichnis (wenn sichtbar in Hauptnavigation)<\/li>\n\n\n\n<li>Classified Spaces Kategorie-Seiten (sofern sichtbar in Hauptnavigation und sichtbar f\u00fcr G\u00e4ste\u00b9)<\/li>\n<\/ul>\n\n\n\n<p>\u00b9Sichtbarkeit f\u00fcr G\u00e4ste  kann durch das Modul &#8222;Groups associated with Space categories&#8220; eingeschr\u00e4nkt sein.<\/p>\n\n\n\n<h3 class=\"wp-block-heading\">2.3 Spaces Sitemap<\/h3>\n\n\n\n<p><code>sitemap_spaces.xml<\/code> listet die folgenden Inhalte \u00f6ffentlicher Spaces auf:<\/p>\n\n\n\n<ul class=\"wp-block-list\">\n<li>Stream<\/li>\n\n\n\n<li>About Page (if not hidden via configuration)<\/li>\n\n\n\n<li><a href=\"https:\/\/marketplace.humhub.com\/module\/wiki\/description\" target=\"_blank\" rel=\"noreferrer noopener\">Wiki Pages<\/a> (wenn f\u00fcr G\u00e4ste sichtbar)*<\/li>\n\n\n\n<li><a href=\"https:\/\/marketplace.humhub.com\/module\/custom_pages\/description\" target=\"_blank\" rel=\"noreferrer noopener\">Custom Pages<\/a> (wenn f\u00fcr G\u00e4ste sichtbar)*<\/li>\n<\/ul>\n\n\n\n<p><strong>Seit Version 1.4.0<\/strong><\/p>\n\n\n\n<ul class=\"wp-block-list\">\n<li>all public contents of public spaces (optional)<\/li>\n<\/ul>\n\n\n\n<h3 class=\"wp-block-heading\">2.4 Users Sitemap<\/h3>\n\n\n\n<p><code>sitemap_useres.xml<\/code> listet die folgenden Inhalte \u00f6ffentlicher Benutzerprofile auf:<\/p>\n\n\n\n<ul class=\"wp-block-list\">\n<li>Stream (if not disabled via configuration)<\/li>\n\n\n\n<li>About Page (wenn f\u00fcr G\u00e4ste sichtbar)<\/li>\n\n\n\n<li><a href=\"https:\/\/marketplace.humhub.com\/module\/wiki\/description\" target=\"_blank\" rel=\"noreferrer noopener\">Wiki Pages<\/a> (wenn f\u00fcr G\u00e4ste sichtbar)*<\/li>\n\n\n\n<li><a href=\"https:\/\/marketplace.humhub.com\/module\/custom_pages\/description\" target=\"_blank\" rel=\"noreferrer noopener\">Custom Pages<\/a> (wenn f\u00fcr G\u00e4ste sichtbar)*<\/li>\n<\/ul>\n\n\n\n<p><strong>Seit Version 1.4.0<\/strong><\/p>\n\n\n\n<ul class=\"wp-block-list\">\n<li>all public contents of public user profiles (optional)<\/li>\n<\/ul>\n\n\n\n<p>*Nat\u00fcrlich wird jeweils gepr\u00fcft, ob das entsprechende Modul aktiv ist.<\/p>\n\n\n\n<h2 class=\"wp-block-heading\">3. Hindere Suchmaschinen daran, einzelne Seiten zu indexieren<\/h2>\n\n\n\n<p><strong>Seit Version 1.1.0<\/strong> gibt es diese Option in den SEO-Einstellungen. Der Seite wird dann ein <code>noindex<\/code>-Tag hinzugef\u00fcgt und sie wird nicht mehr in der Sitemap gelistet.<\/p>\n\n\n\n<p>Es liegt in der Verantwortung der Suchmaschinen, die Seite dann auch wirklich aus ihrem Index zu entfernen.<\/p>\n\n\n\n<h2 class=\"wp-block-heading\">Zum Produkt<\/h2>\n\n\n\n<div style=\"height:35px\" aria-hidden=\"true\" class=\"wp-block-spacer\"><\/div>\n\n\n<div data-block-name=\"woocommerce\/handpicked-products\" data-products=\"[221]\" class=\"wc-block-grid wp-block-handpicked-products wp-block-woocommerce-handpicked-products wc-block-handpicked-products has-3-columns has-multiple-rows\"><ul class=\"wc-block-grid__products\"><li class=\"wc-block-grid__product\">\n\t\t\t\t<a href=\"https:\/\/felixwebdesign.de\/de\/product\/humhub-seo\/\" class=\"wc-block-grid__product-link\">\n\t\t\t\t\t\n\t\t\t\t\t<div class=\"wc-block-grid__product-image\"><img loading=\"lazy\" decoding=\"async\" width=\"300\" height=\"300\" src=\"https:\/\/felixwebdesign.de\/wp-content\/uploads\/2024\/03\/HumHub-SEO-Logo2-300x300.png\" class=\"attachment-woocommerce_thumbnail size-woocommerce_thumbnail\" alt=\"SEO for HumHub\" srcset=\"https:\/\/felixwebdesign.de\/wp-content\/uploads\/2024\/03\/HumHub-SEO-Logo2-300x300.png 300w, https:\/\/felixwebdesign.de\/wp-content\/uploads\/2024\/03\/HumHub-SEO-Logo2-150x150.png 150w, https:\/\/felixwebdesign.de\/wp-content\/uploads\/2024\/03\/HumHub-SEO-Logo2-12x12.png 12w, https:\/\/felixwebdesign.de\/wp-content\/uploads\/2024\/03\/HumHub-SEO-Logo2-600x600.png 600w, https:\/\/felixwebdesign.de\/wp-content\/uploads\/2024\/03\/HumHub-SEO-Logo2-100x100.png 100w, https:\/\/felixwebdesign.de\/wp-content\/uploads\/2024\/03\/HumHub-SEO-Logo2.png 750w\" sizes=\"auto, (max-width: 300px) 100vw, 300px\"><\/div>\n\t\t\t\t\t<div class=\"wc-block-grid__product-title\">SEO<\/div>\n\t\t\t\t<\/a>\n\t\t\t\t<div class=\"wc-block-grid__product-price price\"><span class=\"woocommerce-Price-amount amount\">50,00&nbsp;<span class=\"woocommerce-Price-currencySymbol\">&euro;<\/span><\/span><\/div><p class=\"wc-gzd-additional-info wc-gzd-additional-info-loop small-business-info\">Kein Mehrwertsteuerausweis, da Kleinunternehmer nach &sect;19 (1) UStG.<\/p>\n\t\t\t\t\n\t\t\t\t<div class=\"wp-block-button wc-block-grid__product-add-to-cart\"><a href=\"\/de\/wp-json\/wp\/v2\/pages\/328?add-to-cart=221\" aria-label=\"In den Warenkorb legen: &bdquo;SEO&ldquo;\" data-quantity=\"1\" data-product_id=\"221\" data-product_sku=\"1\" data-price=\"50\" rel=\"nofollow\" class=\"wp-block-button__link  add_to_cart_button ajax_add_to_cart\">In den Warenkorb<\/a><\/div>\n\t\t\t<\/li>\n<\/ul><\/div>","protected":false},"excerpt":{"rendered":"<p>Das SEO-Modul hilft dir, dein HumHub-Netzwerk f\u00fcr Suchmaschinen (Google und Co.) zu optimieren. 1. Titel und Meta-Beschreibung Titel und Beschreibung [&hellip;]<\/p>\n","protected":false},"author":1,"featured_media":0,"parent":326,"menu_order":0,"comment_status":"open","ping_status":"closed","template":"","meta":{"site-sidebar-layout":"default","site-content-layout":"","ast-site-content-layout":"default","site-content-style":"default","site-sidebar-style":"default","ast-global-header-display":"","ast-banner-title-visibility":"","ast-main-header-display":"","ast-hfb-above-header-display":"","ast-hfb-below-header-display":"","ast-hfb-mobile-header-display":"","site-post-title":"","ast-breadcrumbs-content":"","ast-featured-img":"","footer-sml-layout":"","ast-disable-related-posts":"","theme-transparent-header-meta":"","adv-header-id-meta":"","stick-header-meta":"","header-above-stick-meta":"","header-main-stick-meta":"","header-below-stick-meta":"","astra-migrate-meta-layouts":"default","ast-page-background-enabled":"default","ast-page-background-meta":{"desktop":{"background-color":"var(--ast-global-color-4)","background-image":"","background-repeat":"repeat","background-position":"center center","background-size":"auto","background-attachment":"scroll","background-type":"","background-media":"","overlay-type":"","overlay-color":"","overlay-opacity":"","overlay-gradient":""},"tablet":{"background-color":"","background-image":"","background-repeat":"repeat","background-position":"center center","background-size":"auto","background-attachment":"scroll","background-type":"","background-media":"","overlay-type":"","overlay-color":"","overlay-opacity":"","overlay-gradient":""},"mobile":{"background-color":"","background-image":"","background-repeat":"repeat","background-position":"center center","background-size":"auto","background-attachment":"scroll","background-type":"","background-media":"","overlay-type":"","overlay-color":"","overlay-opacity":"","overlay-gradient":""}},"ast-content-background-meta":{"desktop":{"background-color":"var(--ast-global-color-5)","background-image":"","background-repeat":"repeat","background-position":"center center","background-size":"auto","background-attachment":"scroll","background-type":"","background-media":"","overlay-type":"","overlay-color":"","overlay-opacity":"","overlay-gradient":""},"tablet":{"background-color":"var(--ast-global-color-5)","background-image":"","background-repeat":"repeat","background-position":"center center","background-size":"auto","background-attachment":"scroll","background-type":"","background-media":"","overlay-type":"","overlay-color":"","overlay-opacity":"","overlay-gradient":""},"mobile":{"background-color":"var(--ast-global-color-5)","background-image":"","background-repeat":"repeat","background-position":"center center","background-size":"auto","background-attachment":"scroll","background-type":"","background-media":"","overlay-type":"","overlay-color":"","overlay-opacity":"","overlay-gradient":""}},"footnotes":""},"class_list":["post-328","page","type-page","status-publish","hentry"],"yoast_head":"<!-- This site is optimized with the Yoast SEO plugin v27.4 - https:\/\/yoast.com\/product\/yoast-seo-wordpress\/ -->\n<title>SEO f\u00fcr HumHub - Documentation - Felix Webdesign<\/title>\n<meta name=\"robots\" content=\"index, follow, max-snippet:-1, max-image-preview:large, max-video-preview:-1\" \/>\n<link rel=\"canonical\" href=\"https:\/\/felixwebdesign.de\/de\/humhub\/docs\/seo\/\" \/>\n<meta property=\"og:locale\" content=\"de_DE\" \/>\n<meta property=\"og:type\" content=\"article\" \/>\n<meta property=\"og:title\" content=\"SEO f\u00fcr HumHub - Documentation - Felix Webdesign\" \/>\n<meta property=\"og:description\" content=\"Das SEO-Modul hilft dir, dein HumHub-Netzwerk f\u00fcr Suchmaschinen (Google und Co.) zu optimieren. 1. Titel und Meta-Beschreibung Titel und Beschreibung [&hellip;]\" \/>\n<meta property=\"og:url\" content=\"https:\/\/felixwebdesign.de\/de\/humhub\/docs\/seo\/\" \/>\n<meta property=\"og:site_name\" content=\"Felix Webdesign\" \/>\n<meta property=\"article:modified_time\" content=\"2025-07-27T09:32:57+00:00\" \/>\n<meta property=\"og:image\" content=\"https:\/\/felixwebdesign.de\/wp-content\/uploads\/2024\/11\/Screenshot_1-1024x492.png\" \/>\n<meta name=\"twitter:card\" content=\"summary_large_image\" \/>\n<meta name=\"twitter:label1\" content=\"Gesch\u00e4tzte Lesezeit\" \/>\n\t<meta name=\"twitter:data1\" content=\"4\u00a0Minuten\" \/>\n<script type=\"application\/ld+json\" class=\"yoast-schema-graph\">{\"@context\":\"https:\\\/\\\/schema.org\",\"@graph\":[{\"@type\":\"WebPage\",\"@id\":\"https:\\\/\\\/felixwebdesign.de\\\/humhub\\\/docs\\\/seo\\\/\",\"url\":\"https:\\\/\\\/felixwebdesign.de\\\/humhub\\\/docs\\\/seo\\\/\",\"name\":\"SEO f\u00fcr HumHub - Documentation - Felix Webdesign\",\"isPartOf\":{\"@id\":\"https:\\\/\\\/felixwebdesign.de\\\/en\\\/#website\"},\"primaryImageOfPage\":{\"@id\":\"https:\\\/\\\/felixwebdesign.de\\\/humhub\\\/docs\\\/seo\\\/#primaryimage\"},\"image\":{\"@id\":\"https:\\\/\\\/felixwebdesign.de\\\/humhub\\\/docs\\\/seo\\\/#primaryimage\"},\"thumbnailUrl\":\"https:\\\/\\\/felixwebdesign.de\\\/wp-content\\\/uploads\\\/2024\\\/11\\\/Screenshot_1-1024x492.png\",\"datePublished\":\"2024-04-02T21:58:28+00:00\",\"dateModified\":\"2025-07-27T09:32:57+00:00\",\"breadcrumb\":{\"@id\":\"https:\\\/\\\/felixwebdesign.de\\\/humhub\\\/docs\\\/seo\\\/#breadcrumb\"},\"inLanguage\":\"de\",\"potentialAction\":[{\"@type\":\"ReadAction\",\"target\":[\"https:\\\/\\\/felixwebdesign.de\\\/humhub\\\/docs\\\/seo\\\/\"]}]},{\"@type\":\"ImageObject\",\"inLanguage\":\"de\",\"@id\":\"https:\\\/\\\/felixwebdesign.de\\\/humhub\\\/docs\\\/seo\\\/#primaryimage\",\"url\":\"https:\\\/\\\/felixwebdesign.de\\\/wp-content\\\/uploads\\\/2024\\\/11\\\/Screenshot_1-1024x492.png\",\"contentUrl\":\"https:\\\/\\\/felixwebdesign.de\\\/wp-content\\\/uploads\\\/2024\\\/11\\\/Screenshot_1-1024x492.png\"},{\"@type\":\"BreadcrumbList\",\"@id\":\"https:\\\/\\\/felixwebdesign.de\\\/humhub\\\/docs\\\/seo\\\/#breadcrumb\",\"itemListElement\":[{\"@type\":\"ListItem\",\"position\":1,\"name\":\"Startseite\",\"item\":\"https:\\\/\\\/felixwebdesign.de\\\/\"},{\"@type\":\"ListItem\",\"position\":2,\"name\":\"HumHub\",\"item\":\"https:\\\/\\\/felixwebdesign.de\\\/\"},{\"@type\":\"ListItem\",\"position\":3,\"name\":\"Dokumentation\",\"item\":\"https:\\\/\\\/felixwebdesign.de\\\/humhub\\\/docs\\\/\"},{\"@type\":\"ListItem\",\"position\":4,\"name\":\"SEO f\u00fcr HumHub\"}]},{\"@type\":\"WebSite\",\"@id\":\"https:\\\/\\\/felixwebdesign.de\\\/en\\\/#website\",\"url\":\"https:\\\/\\\/felixwebdesign.de\\\/en\\\/\",\"name\":\"Felix Webdesign\",\"description\":\"\",\"publisher\":{\"@id\":\"https:\\\/\\\/felixwebdesign.de\\\/en\\\/#organization\"},\"potentialAction\":[{\"@type\":\"SearchAction\",\"target\":{\"@type\":\"EntryPoint\",\"urlTemplate\":\"https:\\\/\\\/felixwebdesign.de\\\/en\\\/?s={search_term_string}\"},\"query-input\":{\"@type\":\"PropertyValueSpecification\",\"valueRequired\":true,\"valueName\":\"search_term_string\"}}],\"inLanguage\":\"de\"},{\"@type\":\"Organization\",\"@id\":\"https:\\\/\\\/felixwebdesign.de\\\/en\\\/#organization\",\"name\":\"Felix Webdesign\",\"url\":\"https:\\\/\\\/felixwebdesign.de\\\/en\\\/\",\"logo\":{\"@type\":\"ImageObject\",\"inLanguage\":\"de\",\"@id\":\"https:\\\/\\\/felixwebdesign.de\\\/en\\\/#\\\/schema\\\/logo\\\/image\\\/\",\"url\":\"https:\\\/\\\/felixwebdesign.de\\\/wp-content\\\/uploads\\\/2024\\\/02\\\/logo-transparenz.png\",\"contentUrl\":\"https:\\\/\\\/felixwebdesign.de\\\/wp-content\\\/uploads\\\/2024\\\/02\\\/logo-transparenz.png\",\"width\":500,\"height\":500,\"caption\":\"Felix Webdesign\"},\"image\":{\"@id\":\"https:\\\/\\\/felixwebdesign.de\\\/en\\\/#\\\/schema\\\/logo\\\/image\\\/\"}}]}<\/script>\n<!-- \/ Yoast SEO plugin. -->","yoast_head_json":{"title":"SEO f\u00fcr HumHub - Documentation - Felix Webdesign","robots":{"index":"index","follow":"follow","max-snippet":"max-snippet:-1","max-image-preview":"max-image-preview:large","max-video-preview":"max-video-preview:-1"},"canonical":"https:\/\/felixwebdesign.de\/de\/humhub\/docs\/seo\/","og_locale":"de_DE","og_type":"article","og_title":"SEO f\u00fcr HumHub - Documentation - Felix Webdesign","og_description":"Das SEO-Modul hilft dir, dein HumHub-Netzwerk f\u00fcr Suchmaschinen (Google und Co.) zu optimieren. 1. Titel und Meta-Beschreibung Titel und Beschreibung [&hellip;]","og_url":"https:\/\/felixwebdesign.de\/de\/humhub\/docs\/seo\/","og_site_name":"Felix Webdesign","article_modified_time":"2025-07-27T09:32:57+00:00","og_image":[{"url":"https:\/\/felixwebdesign.de\/wp-content\/uploads\/2024\/11\/Screenshot_1-1024x492.png","type":"","width":"","height":""}],"twitter_card":"summary_large_image","twitter_misc":{"Gesch\u00e4tzte Lesezeit":"4\u00a0Minuten"},"schema":{"@context":"https:\/\/schema.org","@graph":[{"@type":"WebPage","@id":"https:\/\/felixwebdesign.de\/humhub\/docs\/seo\/","url":"https:\/\/felixwebdesign.de\/humhub\/docs\/seo\/","name":"SEO f\u00fcr HumHub - Documentation - Felix Webdesign","isPartOf":{"@id":"https:\/\/felixwebdesign.de\/en\/#website"},"primaryImageOfPage":{"@id":"https:\/\/felixwebdesign.de\/humhub\/docs\/seo\/#primaryimage"},"image":{"@id":"https:\/\/felixwebdesign.de\/humhub\/docs\/seo\/#primaryimage"},"thumbnailUrl":"https:\/\/felixwebdesign.de\/wp-content\/uploads\/2024\/11\/Screenshot_1-1024x492.png","datePublished":"2024-04-02T21:58:28+00:00","dateModified":"2025-07-27T09:32:57+00:00","breadcrumb":{"@id":"https:\/\/felixwebdesign.de\/humhub\/docs\/seo\/#breadcrumb"},"inLanguage":"de","potentialAction":[{"@type":"ReadAction","target":["https:\/\/felixwebdesign.de\/humhub\/docs\/seo\/"]}]},{"@type":"ImageObject","inLanguage":"de","@id":"https:\/\/felixwebdesign.de\/humhub\/docs\/seo\/#primaryimage","url":"https:\/\/felixwebdesign.de\/wp-content\/uploads\/2024\/11\/Screenshot_1-1024x492.png","contentUrl":"https:\/\/felixwebdesign.de\/wp-content\/uploads\/2024\/11\/Screenshot_1-1024x492.png"},{"@type":"BreadcrumbList","@id":"https:\/\/felixwebdesign.de\/humhub\/docs\/seo\/#breadcrumb","itemListElement":[{"@type":"ListItem","position":1,"name":"Startseite","item":"https:\/\/felixwebdesign.de\/"},{"@type":"ListItem","position":2,"name":"HumHub","item":"https:\/\/felixwebdesign.de\/"},{"@type":"ListItem","position":3,"name":"Dokumentation","item":"https:\/\/felixwebdesign.de\/humhub\/docs\/"},{"@type":"ListItem","position":4,"name":"SEO f\u00fcr HumHub"}]},{"@type":"WebSite","@id":"https:\/\/felixwebdesign.de\/en\/#website","url":"https:\/\/felixwebdesign.de\/en\/","name":"Felix Webdesign","description":"","publisher":{"@id":"https:\/\/felixwebdesign.de\/en\/#organization"},"potentialAction":[{"@type":"SearchAction","target":{"@type":"EntryPoint","urlTemplate":"https:\/\/felixwebdesign.de\/en\/?s={search_term_string}"},"query-input":{"@type":"PropertyValueSpecification","valueRequired":true,"valueName":"search_term_string"}}],"inLanguage":"de"},{"@type":"Organization","@id":"https:\/\/felixwebdesign.de\/en\/#organization","name":"Felix Webdesign","url":"https:\/\/felixwebdesign.de\/en\/","logo":{"@type":"ImageObject","inLanguage":"de","@id":"https:\/\/felixwebdesign.de\/en\/#\/schema\/logo\/image\/","url":"https:\/\/felixwebdesign.de\/wp-content\/uploads\/2024\/02\/logo-transparenz.png","contentUrl":"https:\/\/felixwebdesign.de\/wp-content\/uploads\/2024\/02\/logo-transparenz.png","width":500,"height":500,"caption":"Felix Webdesign"},"image":{"@id":"https:\/\/felixwebdesign.de\/en\/#\/schema\/logo\/image\/"}}]}},"_links":{"self":[{"href":"https:\/\/felixwebdesign.de\/de\/wp-json\/wp\/v2\/pages\/328","targetHints":{"allow":["GET"]}}],"collection":[{"href":"https:\/\/felixwebdesign.de\/de\/wp-json\/wp\/v2\/pages"}],"about":[{"href":"https:\/\/felixwebdesign.de\/de\/wp-json\/wp\/v2\/types\/page"}],"author":[{"embeddable":true,"href":"https:\/\/felixwebdesign.de\/de\/wp-json\/wp\/v2\/users\/1"}],"replies":[{"embeddable":true,"href":"https:\/\/felixwebdesign.de\/de\/wp-json\/wp\/v2\/comments?post=328"}],"version-history":[{"count":2,"href":"https:\/\/felixwebdesign.de\/de\/wp-json\/wp\/v2\/pages\/328\/revisions"}],"predecessor-version":[{"id":1137,"href":"https:\/\/felixwebdesign.de\/de\/wp-json\/wp\/v2\/pages\/328\/revisions\/1137"}],"up":[{"embeddable":true,"href":"https:\/\/felixwebdesign.de\/de\/wp-json\/wp\/v2\/pages\/326"}],"wp:attachment":[{"href":"https:\/\/felixwebdesign.de\/de\/wp-json\/wp\/v2\/media?parent=328"}],"curies":[{"name":"wp","href":"https:\/\/api.w.org\/{rel}","templated":true}]}}