{"id":221,"date":"2024-03-21T21:36:44","date_gmt":"2024-03-21T20:36:44","guid":{"rendered":"https:\/\/felixwebdesign.de\/?post_type=product&#038;p=221"},"modified":"2026-03-18T23:38:53","modified_gmt":"2026-03-18T22:38:53","slug":"humhub-seo","status":"publish","type":"product","link":"https:\/\/felixwebdesign.de\/de\/product\/humhub-seo\/","title":{"rendered":"SEO"},"content":{"rendered":"<h2>Suchmaschinen-Optimierung f\u00fcr dein HumHub-Netzwerk<\/h2>\r\n<p>Optimiere dein HumHub-Netzwerk f\u00fcr Google und Co.<\/p>\r\n<h3>Titel, Meta-Beschreibung und Social Media-Bild<\/h3>\r\n\r\n<p>Titel, Beschreibung und Bild entscheiden dar\u00fcber, wie Deine Seite in den Suchergebnissen erscheint und lassen Suchmaschinen verstehen, worum es auf Deiner Seite geht.<\/p>\r\n<p>HumHub setzt zwar Standard-Titel, aber es lohnt sich, diese an Deine individuelle HumHub-Plattform anzupassen.<br \/>Eine wird Meta-Beschreibung ist gar nicht gesetzt und daher k\u00f6nnen Suchmaschinen seltsame Ergebnisse anzeigen. Mit dem SEO-Modul kannst Du die Meta-Beschreibung f\u00fcr alle \u00f6ffentlichen Seiten einstellen. (Hinweis: Manchmal zeigen Google und Co. anstelle der Meta-Beschreibung einen bestimmten Auszug aus Deiner Seite an, basierend auf den Suchw\u00f6rtern. In den meisten F\u00e4llen wird jedoch Deine Meta-Beschreibung verwendet. Au\u00dferdem hilft sie Google zu verstehen, was auf Deiner Seite wichtig ist).<\/p>\r\n\r\n\r\n\r\n<p>Titel und Meta-Beschreibung sind <strong>\u00fcbersetzbar<\/strong> wie in der <a href=\"https:\/\/docs.humhub.org\/docs\/admin\/translations#add-new-translations\" target=\"_blank\" rel=\"noreferrer noopener\">HumHub-Dokumentation<\/a> beschrieben.<\/p>\r\n<p>F\u00fcr jede Seite kann ein <strong>Bild<\/strong> hochgeladen oder \u00fcber eine URL hinzugef\u00fcgt werden. Dieses wird beim Teilen von Social-Media-Plattformen und Messenger-Apps wie Facebook, Twitter, LinkedIn, WhatsApp, Telegram usw. als Vorschau genutzt. Das Bild wird als Open-Graph- und Twitter-Card-Meta-Tag hinzugef\u00fcgt. Empfohlene Gr\u00f6\u00dfe: 1200 x 630 Pixel.<\/p>\r\n<p>Weiter Details in der <a href=\"\/humhub\/docs\/seo\/\">Dokumentation.<\/a><\/p>\r\n\r\n<h3>Sitemaps<\/h3>\r\n<p>Voraussetzung: Gastzugriff muss in Deinem HumHub-Netzwerk aktiviert sein.<\/p>\r\n<p dir=\"auto\">Die Sitemaps enthalten:<\/p>\r\n<ul dir=\"auto\">\r\n<li>Spaces<\/li>\r\n<li>User profiles<\/li>\r\n<li>Wiki pages*<\/li>\r\n<li>Custom pages*<\/li>\r\n<li>eCommerce products*<\/li>\r\n<li>optionally all public contents (since version 1.4.0)<\/li>\r\n<\/ul>\r\n<p dir=\"auto\">&#8230; und globale Seiten:<\/p>\r\n<ul dir=\"auto\">\r\n<li>Dashboard<\/li>\r\n<li>Spaces List<\/li>\r\n<li>Calendar*<\/li>\r\n<li>Legal pages*<\/li>\r\n<li>Members Map*<\/li>\r\n<li>Events Map*<\/li>\r\n<li>eCommerce Store*<\/li>\r\n<\/ul>\r\n<p dir=\"auto\">Seiten, die nicht \u00f6ffentlich sichtbar sind, werden ignoriere. Mehr Details in der <a href=\"\/humhub\/docs\/seo\/\" rel=\"nofollow\">Dokumentation<\/a><\/p>\r\n<p dir=\"auto\"><sub>*Inhalte von unterst\u00fctzten, externen Modulen<br \/><\/sub><\/p>\r\n<h3>Hindere Suchmaschen daran einzelne Seiten zu indexieren<\/h3>\r\n<p>seit Version 1.1.0<\/p>\r\n<p>Mehr Details in der <a href=\"\/humhub\/docs\/seo\/\">Dokumentation<\/a>.<\/p>\r\n<h2>Voraussetzung<\/h2>\r\n<p><strong>PrettyURLs m\u00fcssen aktiviert sein, bevor du das Modul installieren kannst.<\/strong><\/p>\r\n<h2>Ablauf des Kaufs<\/h2>\r\n<p>Nach erfolgreicher Online-Zahlung erh\u00e4lst du innerhalb von 24 Stunden eine E-Mail mit dem Betreff &#8222;Deine Bestellung bei Felix Webdesign ist nun abgeschlossen&#8220;. Diese enth\u00e4lt eine Bestellzusammenfassung und den <strong>Lizenzschl\u00fcssel<\/strong>. Wie du diesen hinzuf\u00fcgen kannst, erf\u00e4hrst du in der <a href=\"https:\/\/docs.humhub.org\/docs\/admin\/modules#installing-purchased-modules\" target=\"_blank\" rel=\"noopener\">HumHub-Dokumentation<\/a>.<\/p>\r\n<p>Innerhalb weniger Tage bis zu einer Woche erh\u00e4lst du eine weitere E-Mail mit der <strong>Rechnung<\/strong> als PDF.<\/p>\r\n<p>Falls einer dieser Schritte wider Erwarten nicht funktioniert, \u00fcberpr\u00fcfe bitte auch deinen Spam-Ordner und melde dich sonst per E-Mail oder \u00fcber das Kontaktformular.<\/p>\r\n<h2>Verl\u00e4ngerung der Lizenz<\/h2>\r\n<p>Eine Lizenz gilt 1 Jahr. Das Ablaufdatum ist auch in der E-Mail &#8222;Deine Bestellung bei Felix Webdesign ist nun abgeschlossen&#8220; enthalten.<\/p>\r\n<p>Die Geb\u00fchr zur Verl\u00e4ngerung um ein weiteres Jahr kostet <strong>35\u20ac<\/strong>. Du erh\u00e4lst vor Ablauf der Lizenz eine Erinnerungs-E-Mail mit der Information, wie du den Betrag zahlen kannst.<\/p>\r\n<p>Ohne Verl\u00e4ngerung kannst du das Modul theoretisch weiterverwenden. Da du dann aber keine Updates mehr erh\u00e4lst, kann es zu Kompatibilit\u00e4ts-Problemen kommen.<\/p>","protected":false},"excerpt":{"rendered":"<h2>Suchmaschinenoptimierung (SEO) f\u00fcr HumHub<\/h2>\n<p>Optimiere dein HumHub-Netzwerk f\u00fcr Google und Co. F\u00fcge Meta-Beschreibungen hinzu, bearbeite Seiten-Titel, setze Vorschaubilder und lasse automatisch Sitemaps generieren.<\/p>\n<p>Das Modul ist kompatibel mit den wichtigsten HumHub-Modulen.<\/p>\n<p><strong>Lizenz f\u00fcr 1 Jahr<\/strong><\/p>\n<p><strong>Voraussetzung:<\/strong> PrettyURLs<\/p>\n<p style=\"text-align: left;\">Alle Informationen in der <a href=\"\/humhub\/docs\/seo\/\">Modul-Dokumentation<\/a>.<\/p>\n","protected":false},"featured_media":347,"comment_status":"open","ping_status":"closed","template":"","meta":{"site-sidebar-layout":"default","site-content-layout":"","ast-site-content-layout":"default","site-content-style":"default","site-sidebar-style":"default","ast-global-header-display":"","ast-banner-title-visibility":"","ast-main-header-display":"","ast-hfb-above-header-display":"","ast-hfb-below-header-display":"","ast-hfb-mobile-header-display":"","site-post-title":"","ast-breadcrumbs-content":"","ast-featured-img":"","footer-sml-layout":"","ast-disable-related-posts":"","theme-transparent-header-meta":"default","adv-header-id-meta":"","stick-header-meta":"","header-above-stick-meta":"","header-main-stick-meta":"","header-below-stick-meta":"","astra-migrate-meta-layouts":"set","ast-page-background-enabled":"default","ast-page-background-meta":{"desktop":{"background-color":"var(--ast-global-color-4)","background-image":"","background-repeat":"repeat","background-position":"center center","background-size":"auto","background-attachment":"scroll","background-type":"","background-media":"","overlay-type":"","overlay-color":"","overlay-opacity":"","overlay-gradient":""},"tablet":{"background-color":"","background-image":"","background-repeat":"repeat","background-position":"center center","background-size":"auto","background-attachment":"scroll","background-type":"","background-media":"","overlay-type":"","overlay-color":"","overlay-opacity":"","overlay-gradient":""},"mobile":{"background-color":"","background-image":"","background-repeat":"repeat","background-position":"center center","background-size":"auto","background-attachment":"scroll","background-type":"","background-media":"","overlay-type":"","overlay-color":"","overlay-opacity":"","overlay-gradient":""}},"ast-content-background-meta":{"desktop":{"background-color":"var(--ast-global-color-5)","background-image":"","background-repeat":"repeat","background-position":"center center","background-size":"auto","background-attachment":"scroll","background-type":"","background-media":"","overlay-type":"","overlay-color":"","overlay-opacity":"","overlay-gradient":""},"tablet":{"background-color":"var(--ast-global-color-5)","background-image":"","background-repeat":"repeat","background-position":"center center","background-size":"auto","background-attachment":"scroll","background-type":"","background-media":"","overlay-type":"","overlay-color":"","overlay-opacity":"","overlay-gradient":""},"mobile":{"background-color":"var(--ast-global-color-5)","background-image":"","background-repeat":"repeat","background-position":"center center","background-size":"auto","background-attachment":"scroll","background-type":"","background-media":"","overlay-type":"","overlay-color":"","overlay-opacity":"","overlay-gradient":""}}},"product_brand":[],"product_cat":[22],"product_tag":[],"class_list":{"0":"post-221","1":"product","2":"type-product","3":"status-publish","4":"has-post-thumbnail","6":"product_cat-humhub-modules","7":"desktop-align-left","8":"tablet-align-left","9":"mobile-align-left","11":"first","12":"instock","13":"virtual","14":"purchasable","15":"product-type-simple"},"yoast_head":"<!-- This site is optimized with the Yoast SEO plugin v27.4 - https:\/\/yoast.com\/product\/yoast-seo-wordpress\/ -->\n<title>SEO for HumHub - Felix Webdesign<\/title>\n<meta name=\"description\" content=\"Optimize your HumHub network for search engines. Edit title and meta description of your pages with the SEO mode. Licence for 1 year.\" \/>\n<meta name=\"robots\" content=\"index, follow, max-snippet:-1, max-image-preview:large, max-video-preview:-1\" \/>\n<link rel=\"canonical\" href=\"https:\/\/felixwebdesign.de\/de\/product\/humhub-seo\/\" \/>\n<meta property=\"og:locale\" content=\"de_DE\" \/>\n<meta property=\"og:type\" content=\"article\" \/>\n<meta property=\"og:title\" content=\"SEO for HumHub - Felix Webdesign\" \/>\n<meta property=\"og:description\" content=\"Optimize your HumHub network for search engines. Edit title and meta description of your pages with the SEO mode. Licence for 1 year.\" \/>\n<meta property=\"og:url\" content=\"https:\/\/felixwebdesign.de\/de\/product\/humhub-seo\/\" \/>\n<meta property=\"og:site_name\" content=\"Felix Webdesign\" \/>\n<meta property=\"article:modified_time\" content=\"2026-03-18T22:38:53+00:00\" \/>\n<meta property=\"og:image\" content=\"https:\/\/felixwebdesign.de\/wp-content\/uploads\/2024\/03\/HumHub-SEO-Logo2.png\" \/>\n\t<meta property=\"og:image:width\" content=\"750\" \/>\n\t<meta property=\"og:image:height\" content=\"750\" \/>\n\t<meta property=\"og:image:type\" content=\"image\/png\" \/>\n<meta name=\"twitter:card\" content=\"summary_large_image\" \/>\n<meta name=\"twitter:label1\" content=\"Gesch\u00e4tzte Lesezeit\" \/>\n\t<meta name=\"twitter:data1\" content=\"3\u00a0Minuten\" \/>\n<script type=\"application\/ld+json\" class=\"yoast-schema-graph\">{\"@context\":\"https:\\\/\\\/schema.org\",\"@graph\":[{\"@type\":[\"WebPage\",\"ItemPage\"],\"@id\":\"https:\\\/\\\/felixwebdesign.de\\\/product\\\/humhub-seo\\\/\",\"url\":\"https:\\\/\\\/felixwebdesign.de\\\/product\\\/humhub-seo\\\/\",\"name\":\"SEO for HumHub - Felix Webdesign\",\"isPartOf\":{\"@id\":\"https:\\\/\\\/felixwebdesign.de\\\/en\\\/#website\"},\"primaryImageOfPage\":{\"@id\":\"https:\\\/\\\/felixwebdesign.de\\\/product\\\/humhub-seo\\\/#primaryimage\"},\"image\":{\"@id\":\"https:\\\/\\\/felixwebdesign.de\\\/product\\\/humhub-seo\\\/#primaryimage\"},\"thumbnailUrl\":\"https:\\\/\\\/felixwebdesign.de\\\/wp-content\\\/uploads\\\/2024\\\/03\\\/HumHub-SEO-Logo2.png\",\"datePublished\":\"2024-03-21T20:36:44+00:00\",\"dateModified\":\"2026-03-18T22:38:53+00:00\",\"description\":\"Optimize your HumHub network for search engines. Edit title and meta description of your pages with the SEO mode. Licence for 1 year.\",\"breadcrumb\":{\"@id\":\"https:\\\/\\\/felixwebdesign.de\\\/product\\\/humhub-seo\\\/#breadcrumb\"},\"inLanguage\":\"de\",\"potentialAction\":[{\"@type\":\"ReadAction\",\"target\":[\"https:\\\/\\\/felixwebdesign.de\\\/product\\\/humhub-seo\\\/\"]}]},{\"@type\":\"ImageObject\",\"inLanguage\":\"de\",\"@id\":\"https:\\\/\\\/felixwebdesign.de\\\/product\\\/humhub-seo\\\/#primaryimage\",\"url\":\"https:\\\/\\\/felixwebdesign.de\\\/wp-content\\\/uploads\\\/2024\\\/03\\\/HumHub-SEO-Logo2.png\",\"contentUrl\":\"https:\\\/\\\/felixwebdesign.de\\\/wp-content\\\/uploads\\\/2024\\\/03\\\/HumHub-SEO-Logo2.png\",\"width\":750,\"height\":750,\"caption\":\"SEO for HumHub\"},{\"@type\":\"BreadcrumbList\",\"@id\":\"https:\\\/\\\/felixwebdesign.de\\\/product\\\/humhub-seo\\\/#breadcrumb\",\"itemListElement\":[{\"@type\":\"ListItem\",\"position\":1,\"name\":\"Startseite\",\"item\":\"https:\\\/\\\/felixwebdesign.de\\\/\"},{\"@type\":\"ListItem\",\"position\":2,\"name\":\"Shop\",\"item\":\"https:\\\/\\\/felixwebdesign.de\\\/en\\\/shop\\\/\"},{\"@type\":\"ListItem\",\"position\":3,\"name\":\"SEO\"}]},{\"@type\":\"WebSite\",\"@id\":\"https:\\\/\\\/felixwebdesign.de\\\/en\\\/#website\",\"url\":\"https:\\\/\\\/felixwebdesign.de\\\/en\\\/\",\"name\":\"Felix Webdesign\",\"description\":\"\",\"publisher\":{\"@id\":\"https:\\\/\\\/felixwebdesign.de\\\/en\\\/#organization\"},\"potentialAction\":[{\"@type\":\"SearchAction\",\"target\":{\"@type\":\"EntryPoint\",\"urlTemplate\":\"https:\\\/\\\/felixwebdesign.de\\\/en\\\/?s={search_term_string}\"},\"query-input\":{\"@type\":\"PropertyValueSpecification\",\"valueRequired\":true,\"valueName\":\"search_term_string\"}}],\"inLanguage\":\"de\"},{\"@type\":\"Organization\",\"@id\":\"https:\\\/\\\/felixwebdesign.de\\\/en\\\/#organization\",\"name\":\"Felix Webdesign\",\"url\":\"https:\\\/\\\/felixwebdesign.de\\\/en\\\/\",\"logo\":{\"@type\":\"ImageObject\",\"inLanguage\":\"de\",\"@id\":\"https:\\\/\\\/felixwebdesign.de\\\/en\\\/#\\\/schema\\\/logo\\\/image\\\/\",\"url\":\"https:\\\/\\\/felixwebdesign.de\\\/wp-content\\\/uploads\\\/2024\\\/02\\\/logo-transparenz.png\",\"contentUrl\":\"https:\\\/\\\/felixwebdesign.de\\\/wp-content\\\/uploads\\\/2024\\\/02\\\/logo-transparenz.png\",\"width\":500,\"height\":500,\"caption\":\"Felix Webdesign\"},\"image\":{\"@id\":\"https:\\\/\\\/felixwebdesign.de\\\/en\\\/#\\\/schema\\\/logo\\\/image\\\/\"}}]}<\/script>\n<!-- \/ Yoast SEO plugin. -->","yoast_head_json":{"title":"SEO for HumHub - Felix Webdesign","description":"Optimize your HumHub network for search engines. Edit title and meta description of your pages with the SEO mode. Licence for 1 year.","robots":{"index":"index","follow":"follow","max-snippet":"max-snippet:-1","max-image-preview":"max-image-preview:large","max-video-preview":"max-video-preview:-1"},"canonical":"https:\/\/felixwebdesign.de\/de\/product\/humhub-seo\/","og_locale":"de_DE","og_type":"article","og_title":"SEO for HumHub - Felix Webdesign","og_description":"Optimize your HumHub network for search engines. Edit title and meta description of your pages with the SEO mode. Licence for 1 year.","og_url":"https:\/\/felixwebdesign.de\/de\/product\/humhub-seo\/","og_site_name":"Felix Webdesign","article_modified_time":"2026-03-18T22:38:53+00:00","og_image":[{"width":750,"height":750,"url":"https:\/\/felixwebdesign.de\/wp-content\/uploads\/2024\/03\/HumHub-SEO-Logo2.png","type":"image\/png"}],"twitter_card":"summary_large_image","twitter_misc":{"Gesch\u00e4tzte Lesezeit":"3\u00a0Minuten"},"schema":{"@context":"https:\/\/schema.org","@graph":[{"@type":["WebPage","ItemPage"],"@id":"https:\/\/felixwebdesign.de\/product\/humhub-seo\/","url":"https:\/\/felixwebdesign.de\/product\/humhub-seo\/","name":"SEO for HumHub - Felix Webdesign","isPartOf":{"@id":"https:\/\/felixwebdesign.de\/en\/#website"},"primaryImageOfPage":{"@id":"https:\/\/felixwebdesign.de\/product\/humhub-seo\/#primaryimage"},"image":{"@id":"https:\/\/felixwebdesign.de\/product\/humhub-seo\/#primaryimage"},"thumbnailUrl":"https:\/\/felixwebdesign.de\/wp-content\/uploads\/2024\/03\/HumHub-SEO-Logo2.png","datePublished":"2024-03-21T20:36:44+00:00","dateModified":"2026-03-18T22:38:53+00:00","description":"Optimize your HumHub network for search engines. Edit title and meta description of your pages with the SEO mode. Licence for 1 year.","breadcrumb":{"@id":"https:\/\/felixwebdesign.de\/product\/humhub-seo\/#breadcrumb"},"inLanguage":"de","potentialAction":[{"@type":"ReadAction","target":["https:\/\/felixwebdesign.de\/product\/humhub-seo\/"]}]},{"@type":"ImageObject","inLanguage":"de","@id":"https:\/\/felixwebdesign.de\/product\/humhub-seo\/#primaryimage","url":"https:\/\/felixwebdesign.de\/wp-content\/uploads\/2024\/03\/HumHub-SEO-Logo2.png","contentUrl":"https:\/\/felixwebdesign.de\/wp-content\/uploads\/2024\/03\/HumHub-SEO-Logo2.png","width":750,"height":750,"caption":"SEO for HumHub"},{"@type":"BreadcrumbList","@id":"https:\/\/felixwebdesign.de\/product\/humhub-seo\/#breadcrumb","itemListElement":[{"@type":"ListItem","position":1,"name":"Startseite","item":"https:\/\/felixwebdesign.de\/"},{"@type":"ListItem","position":2,"name":"Shop","item":"https:\/\/felixwebdesign.de\/en\/shop\/"},{"@type":"ListItem","position":3,"name":"SEO"}]},{"@type":"WebSite","@id":"https:\/\/felixwebdesign.de\/en\/#website","url":"https:\/\/felixwebdesign.de\/en\/","name":"Felix Webdesign","description":"","publisher":{"@id":"https:\/\/felixwebdesign.de\/en\/#organization"},"potentialAction":[{"@type":"SearchAction","target":{"@type":"EntryPoint","urlTemplate":"https:\/\/felixwebdesign.de\/en\/?s={search_term_string}"},"query-input":{"@type":"PropertyValueSpecification","valueRequired":true,"valueName":"search_term_string"}}],"inLanguage":"de"},{"@type":"Organization","@id":"https:\/\/felixwebdesign.de\/en\/#organization","name":"Felix Webdesign","url":"https:\/\/felixwebdesign.de\/en\/","logo":{"@type":"ImageObject","inLanguage":"de","@id":"https:\/\/felixwebdesign.de\/en\/#\/schema\/logo\/image\/","url":"https:\/\/felixwebdesign.de\/wp-content\/uploads\/2024\/02\/logo-transparenz.png","contentUrl":"https:\/\/felixwebdesign.de\/wp-content\/uploads\/2024\/02\/logo-transparenz.png","width":500,"height":500,"caption":"Felix Webdesign"},"image":{"@id":"https:\/\/felixwebdesign.de\/en\/#\/schema\/logo\/image\/"}}]}},"_links":{"self":[{"href":"https:\/\/felixwebdesign.de\/de\/wp-json\/wp\/v2\/product\/221","targetHints":{"allow":["GET"]}}],"collection":[{"href":"https:\/\/felixwebdesign.de\/de\/wp-json\/wp\/v2\/product"}],"about":[{"href":"https:\/\/felixwebdesign.de\/de\/wp-json\/wp\/v2\/types\/product"}],"replies":[{"embeddable":true,"href":"https:\/\/felixwebdesign.de\/de\/wp-json\/wp\/v2\/comments?post=221"}],"wp:featuredmedia":[{"embeddable":true,"href":"https:\/\/felixwebdesign.de\/de\/wp-json\/wp\/v2\/media\/347"}],"wp:attachment":[{"href":"https:\/\/felixwebdesign.de\/de\/wp-json\/wp\/v2\/media?parent=221"}],"wp:term":[{"taxonomy":"product_brand","embeddable":true,"href":"https:\/\/felixwebdesign.de\/de\/wp-json\/wp\/v2\/product_brand?post=221"},{"taxonomy":"product_cat","embeddable":true,"href":"https:\/\/felixwebdesign.de\/de\/wp-json\/wp\/v2\/product_cat?post=221"},{"taxonomy":"product_tag","embeddable":true,"href":"https:\/\/felixwebdesign.de\/de\/wp-json\/wp\/v2\/product_tag?post=221"}],"curies":[{"name":"wp","href":"https:\/\/api.w.org\/{rel}","templated":true}]}}