{"id":936,"date":"2025-05-08T22:06:54","date_gmt":"2025-05-08T20:06:54","guid":{"rendered":"https:\/\/felixwebdesign.de\/?post_type=product&#038;p=936"},"modified":"2026-03-18T22:22:08","modified_gmt":"2026-03-18T21:22:08","slug":"e-mail-to-post","status":"publish","type":"product","link":"https:\/\/felixwebdesign.de\/de\/product\/e-mail-to-post\/","title":{"rendered":"E-Mail to Post"},"content":{"rendered":"<h1>E-Mail zu Beitrag<\/h1>\n<p><strong>Importiere empfangene E-Mails (z. B. Newsletter) als Beitr\u00e4ge in Deine HumHub-Spaces oder Dein Profil.<\/strong><\/p>\n<h2>Anforderungen<\/h2>\n<ul>\n<li><strong>HumHub 1.18<\/strong><strong>\u00a0(aktuell- noch in Beta-Phase !)<\/strong><\/li>\n<li>IMAP-E-Mail-Konto mit SSL-Unterst\u00fctzung<\/li>\n<\/ul>\n<h2>Funktionen<\/h2>\n<ul>\n<li><strong>Automatischer st\u00fcndlicher Import<\/strong> von E-Mails aus IMAP-Postf\u00e4chern<\/li>\n<li><strong>Flexible Zuordnung<\/strong>: Importiere E-Mails in Spaces oder Benutzerprofile.<\/li>\n<li><strong>Automatische Archivierung<\/strong>: Importierte E-Mails werden in einen Unterordner \u201eposted\u201d in Deinem E-Mail-Konto verschoben.<\/li>\n<li><strong>Unterst\u00fctzung von Anh\u00e4ngen<\/strong>: E-Mail-Anh\u00e4nge werden auf HumHub hochgeladen.<\/li>\n<li><strong>Inhaltsfilterung<\/strong>: URL-Blacklist (Admin) und Keyword-Filter (Benutzer)<\/li>\n<li><strong>Berechtigungssteuerung<\/strong>: Benutzergruppenbasierte Zugriffsverwaltung<\/li>\n<\/ul>\n<h2>Benutzerkonfiguration<\/h2>\n<p>Autorisierte Benutzer k\u00f6nnen ihre IMAP-Verbindung unter <strong>Kontoeinstellungen \u2192 E-Mail zu Beitrag<\/strong> konfigurieren:<\/p>\n<h3>IMAP-Verbindung einrichten<\/h3>\n<p>1. <strong>Servereinstellungen<\/strong><\/p>\n<ul>\n<li>Server-URL (z. B. `imap.gmail.com`)<\/li>\n<li>Port (Standard: 993 f\u00fcr SSL)<\/li>\n<li>Benutzername (in der Regel Ihre E-Mail-Adresse)<\/li>\n<li>Passwort<\/li>\n<\/ul>\n<p>2. <strong>Ordnerzuordnung<\/strong><\/p>\n<ul>\n<li>W\u00e4hle die zu \u00fcberwachenden E-Mail-Ordner aus.<\/li>\n<li>Verbinde jeden Ordner mit einem HumHub-Bereich oder Deinem Profil.<\/li>\n<\/ul>\n<p><strong>Empfehlung:<\/strong> Erstelle einen separaten E-Mail-Ordner f\u00fcr E-Mails, die importiert werden sollen. Nach dem Import werden E-Mails automatisch in einen Unterordner namens \u201eposted\u201c verschoben, um doppelte Importe zu vermeiden.<\/p>\n<h3>Getestete E-Mail-Anbieter<\/h3>\n<ul>\n<li>Selbst gehostete Plesk-basierte E-Mail-Server<\/li>\n<li>All-Inkl-E-Mail-Server<\/li>\n<li>Gmail (erfordert Anwendungs-Passwort)<\/li>\n<\/ul>\n<h3>So verbindest Du dich mit Gmail<\/h3>\n<p>Um Dich mit Gmail zu verbinden, musst Du anstelle Deines regul\u00e4ren Passworts ein <strong>Anwendungs-Passwort<\/strong> verwenden.<br \/>\nSiehe: <a href=\"https:\/\/support.google.com\/accounts\/answer\/185833\" target=\"_blank\" rel=\"noopener\">support.google.com\/accounts\/answer\/185833<\/a><\/p>\n<h2>So funktioniert es<\/h2>\n<h3>St\u00fcndlicher Import<\/h3>\n<p>Der Import l\u00e4uft automatisch st\u00fcndlich \u00fcber das Cron-System von HumHub. E-Mails aus bestimmten Postf\u00e4chern werden als Beitr\u00e4ge in die konfigurierten Zielbereiche\/Profile importiert.<\/p>\n<h3>Anh\u00e4nge<\/h3>\n<p>Anh\u00e4nge werden vom E-Mail-Server abgerufen und als Anh\u00e4nge zum E-Mail-Beitrag hochgeladen.<\/p>\n<h3>Gruppenberechtigung<\/h3>\n<p>Das Modul f\u00fchrt eine Benutzergruppenberechtigung ein, die steuert, wer E-Mails importieren darf.<br \/>\n<strong>Standard:<\/strong> Nur die Benutzergruppe \u201eAdministrator\u201d verf\u00fcgt \u00fcber diese Berechtigung.<\/p>\n<h2>Administration<\/h2>\n<p>Administratoren k\u00f6nnen auf die Moduleinstellungen unter <strong>Administration \u2192 E-Mail zu Beitrag<\/strong>\u00a0zugreifen:<\/p>\n<h3>1. Importlimit pro Benutzer<\/h3>\n<p>Legen Sie eine maximale Anzahl von E-Mails fest, die pro Benutzer und Import importiert werden k\u00f6nnen, um Spam zu verhindern.<\/p>\n<h3>2. URL-Blacklist<\/h3>\n<p>Legen Sie Muster f\u00fcr URLs fest, die aus importierten E-Mails entfernt werden sollen. \u00dcbereinstimmende Links werden entfernt, sodass der Text nicht mehr anklickbar ist.<\/p>\n<p><strong>Format:<\/strong>\u00a0Ein Muster pro Zeile. Platzhalterzeichen (<code>*<\/code>) werden unterst\u00fctzt.<\/p>\n<h2>Schl\u00fcsselwortfilter (experimentell)<\/h2>\n<p>Benutzer k\u00f6nnen unter <strong>Kontoeinstellungen \u2192 E-Mail zu Beitrag \u2192 Experimentell<\/strong> Schl\u00fcsselw\u00f6rter definieren, um unerw\u00fcnschte Inhalte herauszufiltern.<\/p>\n<p><strong>Anwendungsfall:<\/strong> Entfernen Sie Newsletter-Fu\u00dfzeilen, die Schl\u00fcsselw\u00f6rter wie \u201eAbmelden\u201c enthalten, zusammen mit den umgebenden Elementen (z. B. der E-Mail-Fu\u00dfzeile).<\/p>\n<p><strong>So funktioniert es:<\/strong><br \/>\n&#8211; Funktioniert nur f\u00fcr HTML-E-Mails (nicht f\u00fcr reinen Text)<br \/>\n&#8211; Versteckt Elemente, die ein Schl\u00fcsselwort enthalten<br \/>\n&#8211; In erster Linie f\u00fcr das Entfernen von Fu\u00dfzeilen getestet<\/p>\n<p><strong>Wichtig:<\/strong> Gefilterte Inhalte werden nur ausgeblendet (in HTML auskommentiert), nicht dauerhaft gel\u00f6scht. Verwenden Sie diese Funktion nicht, um sensible oder private Informationen zu verbergen.<\/p>\n<h2>Wichtige Hinweise<\/h2>\n<p>\u26a0\ufe0f <strong>Sicherheitswarnung:<\/strong><br \/>\nDieses Modul f\u00fchrt keine Spam-Filterung durch. Verbinden Sie nur E-Mail-Ordner, \u00fcber die Sie die volle Kontrolle haben.<\/p>\n<p><strong>Bew\u00e4hrte Verfahren:<\/strong><\/p>\n<ul>\n<li>Verbinden Sie nicht Ihren Haupt-Posteingangsordner.<\/li>\n<li>Verwenden Sie spezielle Ordner f\u00fcr Importe.<\/li>\n<li>Verschieben Sie vertrauensw\u00fcrdige E-Mails manuell in den Importordner oder<\/li>\n<li>Richten Sie restriktive E-Mail-Filter auf Ihrem Mailserver ein.<\/li>\n<\/ul>\n<p><strong>Bekannte Einschr\u00e4nkungen:<\/strong><\/p>\n<ul>\n<li>Bilder, die \u00fcber eine URL in E-Mails eingebettet sind, werden mit den Standard-CSP-Einstellungen (Content Security Policy) von HumHub nicht angezeigt.<\/li>\n<li>Die Entfernung von Schl\u00fcsselw\u00f6rtern ist experimentell und wird m\u00f6glicherweise in Zukunft je nach Nutzer-Feedback durch eine andere Filterstrategie ersetzt.<\/li>\n<\/ul>\n<h2>Fehlerbehebung<\/h2>\n<h3>IMAP-Verbindung fehlgeschlagen<\/h3>\n<ul>\n<li>\u00dcberpr\u00fcfe die Server-URL, den Port (993 f\u00fcr SSL), den Benutzernamen und das Passwort.<\/li>\n<li>F\u00fcr Gmail: Stelle sicher, dass Du ein Anwendungskennwort verwendest.<\/li>\n<li>\u00dcberpr\u00fcfe, ob Dein E-Mail-Anbieter IMAP-Verbindungen zul\u00e4sst.<\/li>\n<\/ul>\n<h3>E-Mails werden nicht importiert<\/h3>\n<ul>\n<li>\u00dcberpr\u00fcfe, ob der Benutzer \u00fcber die Berechtigung \u201eE-Mail zum Posten\u201d verf\u00fcgt.<\/li>\n<li>\u00dcberpr\u00fcfe, ob der Benutzer \u00fcber die Berechtigung \u201eBeitrag erstellen\u201d im Zielbereich verf\u00fcgt.<\/li>\n<li>\u00dcberpr\u00fcfe, ob die Ordnerzuordnung korrekt konfiguriert ist.<\/li>\n<\/ul>\n<h2>Kontakt<\/h2>\n<p>info@felixwebdesign.de<\/p>\n<h2>Ablauf des Kaufs<\/h2>\n<p>Nach erfolgreicher Online-Zahlung erh\u00e4lst du innerhalb von 24 Stunden eine E-Mail mit dem Betreff &#8222;Deine Bestellung bei Felix Webdesign ist nun abgeschlossen&#8220;. Diese enth\u00e4lt eine Bestellzusammenfassung und den <strong>Lizenzschl\u00fcssel<\/strong>. Wie du diesen hinzuf\u00fcgen kannst, erf\u00e4hrst du in der <a href=\"https:\/\/docs.humhub.org\/docs\/admin\/modules#installing-purchased-modules\" target=\"_blank\" rel=\"noopener\">HumHub-Dokumentation<\/a>.<\/p>\n<p>Innerhalb weniger Tage bis zu einer Woche erh\u00e4lst du eine weitere E-Mail mit der <strong>Rechnung<\/strong> als PDF.<\/p>\n<p>Falls einer dieser Schritte wider Erwarten nicht funktioniert, \u00fcberpr\u00fcfe bitte auch deinen Spam-Ordner und melde dich sonst per E-Mail oder \u00fcber das Kontaktformular.<\/p>\n<h2>Verl\u00e4ngerung der Lizenz<\/h2>\n<p>Eine Lizenz gilt 1 Jahr. Das Ablaufdatum ist auch in der E-Mail &#8222;Deine Bestellung bei Felix Webdesign ist nun abgeschlossen&#8220; enthalten.<\/p>\n<p>Die Geb\u00fchr zur Verl\u00e4ngerung um ein weiteres Jahr kostet <strong>45\u20ac<\/strong>. Du erh\u00e4lst vor Ablauf der Lizenz eine Erinnerungs-E-Mail mit der Information, wie du den Betrag zahlen kannst.<\/p>\n<p>Ohne Verl\u00e4ngerung kannst du das Modul theoretisch weiterverwenden. Da du dann aber keine Updates mehr erh\u00e4lst, kann es zu Kompatibilit\u00e4ts-Problemen kommen.<\/p>\n","protected":false},"excerpt":{"rendered":"<p>Importiere empfangene E-Mails, z. B. Newsletter, als Beitr\u00e4ge in Deine HumHub-Spaces oder Dein Profil.<\/p>\n<p>\u26a0\ufe0f <strong>Voraussetzung: <\/strong>HumHub 1.18 ist Voraussetzung.<\/p>\n<p><strong>Lizenz f\u00fcr 1 Jahr<\/strong><\/p>\n","protected":false},"featured_media":938,"comment_status":"open","ping_status":"closed","template":"","meta":{"site-sidebar-layout":"default","site-content-layout":"","ast-site-content-layout":"default","site-content-style":"default","site-sidebar-style":"default","ast-global-header-display":"","ast-banner-title-visibility":"","ast-main-header-display":"","ast-hfb-above-header-display":"","ast-hfb-below-header-display":"","ast-hfb-mobile-header-display":"","site-post-title":"","ast-breadcrumbs-content":"","ast-featured-img":"","footer-sml-layout":"","ast-disable-related-posts":"","theme-transparent-header-meta":"default","adv-header-id-meta":"","stick-header-meta":"","header-above-stick-meta":"","header-main-stick-meta":"","header-below-stick-meta":"","astra-migrate-meta-layouts":"set","ast-page-background-enabled":"default","ast-page-background-meta":{"desktop":{"background-color":"var(--ast-global-color-4)","background-image":"","background-repeat":"repeat","background-position":"center center","background-size":"auto","background-attachment":"scroll","background-type":"","background-media":"","overlay-type":"","overlay-color":"","overlay-opacity":"","overlay-gradient":""},"tablet":{"background-color":"","background-image":"","background-repeat":"repeat","background-position":"center center","background-size":"auto","background-attachment":"scroll","background-type":"","background-media":"","overlay-type":"","overlay-color":"","overlay-opacity":"","overlay-gradient":""},"mobile":{"background-color":"","background-image":"","background-repeat":"repeat","background-position":"center center","background-size":"auto","background-attachment":"scroll","background-type":"","background-media":"","overlay-type":"","overlay-color":"","overlay-opacity":"","overlay-gradient":""}},"ast-content-background-meta":{"desktop":{"background-color":"var(--ast-global-color-5)","background-image":"","background-repeat":"repeat","background-position":"center center","background-size":"auto","background-attachment":"scroll","background-type":"","background-media":"","overlay-type":"","overlay-color":"","overlay-opacity":"","overlay-gradient":""},"tablet":{"background-color":"var(--ast-global-color-5)","background-image":"","background-repeat":"repeat","background-position":"center center","background-size":"auto","background-attachment":"scroll","background-type":"","background-media":"","overlay-type":"","overlay-color":"","overlay-opacity":"","overlay-gradient":""},"mobile":{"background-color":"var(--ast-global-color-5)","background-image":"","background-repeat":"repeat","background-position":"center center","background-size":"auto","background-attachment":"scroll","background-type":"","background-media":"","overlay-type":"","overlay-color":"","overlay-opacity":"","overlay-gradient":""}}},"product_brand":[],"product_cat":[22],"product_tag":[],"class_list":{"0":"post-936","1":"product","2":"type-product","3":"status-publish","4":"has-post-thumbnail","6":"product_cat-humhub-modules","7":"desktop-align-left","8":"tablet-align-left","9":"mobile-align-left","11":"first","12":"instock","13":"virtual","14":"purchasable","15":"product-type-simple"},"yoast_head":"<!-- This site is optimized with the Yoast SEO plugin v27.4 - https:\/\/yoast.com\/product\/yoast-seo-wordpress\/ -->\n<title>E-Mail to Post - Felix Webdesign<\/title>\n<meta name=\"robots\" content=\"index, follow, max-snippet:-1, max-image-preview:large, max-video-preview:-1\" \/>\n<link rel=\"canonical\" href=\"https:\/\/felixwebdesign.de\/de\/product\/e-mail-to-post\/\" \/>\n<meta property=\"og:locale\" content=\"de_DE\" \/>\n<meta property=\"og:type\" content=\"article\" \/>\n<meta property=\"og:title\" content=\"E-Mail to Post - Felix Webdesign\" \/>\n<meta property=\"og:description\" content=\"Importiere empfangene E-Mails, z. B. Newsletter, als Beitr\u00e4ge in Deine HumHub-Spaces oder Dein Profil.  \u26a0\ufe0f Voraussetzung: HumHub 1.18 ist Voraussetzung.  Lizenz f\u00fcr 1 Jahr\" \/>\n<meta property=\"og:url\" content=\"https:\/\/felixwebdesign.de\/de\/product\/e-mail-to-post\/\" \/>\n<meta property=\"og:site_name\" content=\"Felix Webdesign\" \/>\n<meta property=\"article:modified_time\" content=\"2026-03-18T21:22:08+00:00\" \/>\n<meta property=\"og:image\" content=\"https:\/\/felixwebdesign.de\/wp-content\/uploads\/2025\/05\/module_image.png\" \/>\n\t<meta property=\"og:image:width\" content=\"500\" \/>\n\t<meta property=\"og:image:height\" content=\"500\" \/>\n\t<meta property=\"og:image:type\" content=\"image\/png\" \/>\n<meta name=\"twitter:card\" content=\"summary_large_image\" \/>\n<meta name=\"twitter:label1\" content=\"Gesch\u00e4tzte Lesezeit\" \/>\n\t<meta name=\"twitter:data1\" content=\"5\u00a0Minuten\" \/>\n<script type=\"application\/ld+json\" class=\"yoast-schema-graph\">{\"@context\":\"https:\\\/\\\/schema.org\",\"@graph\":[{\"@type\":[\"WebPage\",\"ItemPage\"],\"@id\":\"https:\\\/\\\/felixwebdesign.de\\\/product\\\/e-mail-to-post\\\/\",\"url\":\"https:\\\/\\\/felixwebdesign.de\\\/product\\\/e-mail-to-post\\\/\",\"name\":\"E-Mail to Post - Felix Webdesign\",\"isPartOf\":{\"@id\":\"https:\\\/\\\/felixwebdesign.de\\\/en\\\/#website\"},\"primaryImageOfPage\":{\"@id\":\"https:\\\/\\\/felixwebdesign.de\\\/product\\\/e-mail-to-post\\\/#primaryimage\"},\"image\":{\"@id\":\"https:\\\/\\\/felixwebdesign.de\\\/product\\\/e-mail-to-post\\\/#primaryimage\"},\"thumbnailUrl\":\"https:\\\/\\\/felixwebdesign.de\\\/wp-content\\\/uploads\\\/2025\\\/05\\\/module_image.png\",\"datePublished\":\"2025-05-08T20:06:54+00:00\",\"dateModified\":\"2026-03-18T21:22:08+00:00\",\"breadcrumb\":{\"@id\":\"https:\\\/\\\/felixwebdesign.de\\\/product\\\/e-mail-to-post\\\/#breadcrumb\"},\"inLanguage\":\"de\",\"potentialAction\":[{\"@type\":\"ReadAction\",\"target\":[\"https:\\\/\\\/felixwebdesign.de\\\/product\\\/e-mail-to-post\\\/\"]}]},{\"@type\":\"ImageObject\",\"inLanguage\":\"de\",\"@id\":\"https:\\\/\\\/felixwebdesign.de\\\/product\\\/e-mail-to-post\\\/#primaryimage\",\"url\":\"https:\\\/\\\/felixwebdesign.de\\\/wp-content\\\/uploads\\\/2025\\\/05\\\/module_image.png\",\"contentUrl\":\"https:\\\/\\\/felixwebdesign.de\\\/wp-content\\\/uploads\\\/2025\\\/05\\\/module_image.png\",\"width\":500,\"height\":500},{\"@type\":\"BreadcrumbList\",\"@id\":\"https:\\\/\\\/felixwebdesign.de\\\/product\\\/e-mail-to-post\\\/#breadcrumb\",\"itemListElement\":[{\"@type\":\"ListItem\",\"position\":1,\"name\":\"Startseite\",\"item\":\"https:\\\/\\\/felixwebdesign.de\\\/\"},{\"@type\":\"ListItem\",\"position\":2,\"name\":\"Shop\",\"item\":\"https:\\\/\\\/felixwebdesign.de\\\/en\\\/shop\\\/\"},{\"@type\":\"ListItem\",\"position\":3,\"name\":\"E-Mail to Post\"}]},{\"@type\":\"WebSite\",\"@id\":\"https:\\\/\\\/felixwebdesign.de\\\/en\\\/#website\",\"url\":\"https:\\\/\\\/felixwebdesign.de\\\/en\\\/\",\"name\":\"Felix Webdesign\",\"description\":\"\",\"publisher\":{\"@id\":\"https:\\\/\\\/felixwebdesign.de\\\/en\\\/#organization\"},\"potentialAction\":[{\"@type\":\"SearchAction\",\"target\":{\"@type\":\"EntryPoint\",\"urlTemplate\":\"https:\\\/\\\/felixwebdesign.de\\\/en\\\/?s={search_term_string}\"},\"query-input\":{\"@type\":\"PropertyValueSpecification\",\"valueRequired\":true,\"valueName\":\"search_term_string\"}}],\"inLanguage\":\"de\"},{\"@type\":\"Organization\",\"@id\":\"https:\\\/\\\/felixwebdesign.de\\\/en\\\/#organization\",\"name\":\"Felix Webdesign\",\"url\":\"https:\\\/\\\/felixwebdesign.de\\\/en\\\/\",\"logo\":{\"@type\":\"ImageObject\",\"inLanguage\":\"de\",\"@id\":\"https:\\\/\\\/felixwebdesign.de\\\/en\\\/#\\\/schema\\\/logo\\\/image\\\/\",\"url\":\"https:\\\/\\\/felixwebdesign.de\\\/wp-content\\\/uploads\\\/2024\\\/02\\\/logo-transparenz.png\",\"contentUrl\":\"https:\\\/\\\/felixwebdesign.de\\\/wp-content\\\/uploads\\\/2024\\\/02\\\/logo-transparenz.png\",\"width\":500,\"height\":500,\"caption\":\"Felix Webdesign\"},\"image\":{\"@id\":\"https:\\\/\\\/felixwebdesign.de\\\/en\\\/#\\\/schema\\\/logo\\\/image\\\/\"}}]}<\/script>\n<!-- \/ Yoast SEO plugin. -->","yoast_head_json":{"title":"E-Mail to Post - Felix Webdesign","robots":{"index":"index","follow":"follow","max-snippet":"max-snippet:-1","max-image-preview":"max-image-preview:large","max-video-preview":"max-video-preview:-1"},"canonical":"https:\/\/felixwebdesign.de\/de\/product\/e-mail-to-post\/","og_locale":"de_DE","og_type":"article","og_title":"E-Mail to Post - Felix Webdesign","og_description":"Importiere empfangene E-Mails, z. B. Newsletter, als Beitr\u00e4ge in Deine HumHub-Spaces oder Dein Profil.  \u26a0\ufe0f Voraussetzung: HumHub 1.18 ist Voraussetzung.  Lizenz f\u00fcr 1 Jahr","og_url":"https:\/\/felixwebdesign.de\/de\/product\/e-mail-to-post\/","og_site_name":"Felix Webdesign","article_modified_time":"2026-03-18T21:22:08+00:00","og_image":[{"width":500,"height":500,"url":"https:\/\/felixwebdesign.de\/wp-content\/uploads\/2025\/05\/module_image.png","type":"image\/png"}],"twitter_card":"summary_large_image","twitter_misc":{"Gesch\u00e4tzte Lesezeit":"5\u00a0Minuten"},"schema":{"@context":"https:\/\/schema.org","@graph":[{"@type":["WebPage","ItemPage"],"@id":"https:\/\/felixwebdesign.de\/product\/e-mail-to-post\/","url":"https:\/\/felixwebdesign.de\/product\/e-mail-to-post\/","name":"E-Mail to Post - Felix Webdesign","isPartOf":{"@id":"https:\/\/felixwebdesign.de\/en\/#website"},"primaryImageOfPage":{"@id":"https:\/\/felixwebdesign.de\/product\/e-mail-to-post\/#primaryimage"},"image":{"@id":"https:\/\/felixwebdesign.de\/product\/e-mail-to-post\/#primaryimage"},"thumbnailUrl":"https:\/\/felixwebdesign.de\/wp-content\/uploads\/2025\/05\/module_image.png","datePublished":"2025-05-08T20:06:54+00:00","dateModified":"2026-03-18T21:22:08+00:00","breadcrumb":{"@id":"https:\/\/felixwebdesign.de\/product\/e-mail-to-post\/#breadcrumb"},"inLanguage":"de","potentialAction":[{"@type":"ReadAction","target":["https:\/\/felixwebdesign.de\/product\/e-mail-to-post\/"]}]},{"@type":"ImageObject","inLanguage":"de","@id":"https:\/\/felixwebdesign.de\/product\/e-mail-to-post\/#primaryimage","url":"https:\/\/felixwebdesign.de\/wp-content\/uploads\/2025\/05\/module_image.png","contentUrl":"https:\/\/felixwebdesign.de\/wp-content\/uploads\/2025\/05\/module_image.png","width":500,"height":500},{"@type":"BreadcrumbList","@id":"https:\/\/felixwebdesign.de\/product\/e-mail-to-post\/#breadcrumb","itemListElement":[{"@type":"ListItem","position":1,"name":"Startseite","item":"https:\/\/felixwebdesign.de\/"},{"@type":"ListItem","position":2,"name":"Shop","item":"https:\/\/felixwebdesign.de\/en\/shop\/"},{"@type":"ListItem","position":3,"name":"E-Mail to Post"}]},{"@type":"WebSite","@id":"https:\/\/felixwebdesign.de\/en\/#website","url":"https:\/\/felixwebdesign.de\/en\/","name":"Felix Webdesign","description":"","publisher":{"@id":"https:\/\/felixwebdesign.de\/en\/#organization"},"potentialAction":[{"@type":"SearchAction","target":{"@type":"EntryPoint","urlTemplate":"https:\/\/felixwebdesign.de\/en\/?s={search_term_string}"},"query-input":{"@type":"PropertyValueSpecification","valueRequired":true,"valueName":"search_term_string"}}],"inLanguage":"de"},{"@type":"Organization","@id":"https:\/\/felixwebdesign.de\/en\/#organization","name":"Felix Webdesign","url":"https:\/\/felixwebdesign.de\/en\/","logo":{"@type":"ImageObject","inLanguage":"de","@id":"https:\/\/felixwebdesign.de\/en\/#\/schema\/logo\/image\/","url":"https:\/\/felixwebdesign.de\/wp-content\/uploads\/2024\/02\/logo-transparenz.png","contentUrl":"https:\/\/felixwebdesign.de\/wp-content\/uploads\/2024\/02\/logo-transparenz.png","width":500,"height":500,"caption":"Felix Webdesign"},"image":{"@id":"https:\/\/felixwebdesign.de\/en\/#\/schema\/logo\/image\/"}}]}},"_links":{"self":[{"href":"https:\/\/felixwebdesign.de\/de\/wp-json\/wp\/v2\/product\/936","targetHints":{"allow":["GET"]}}],"collection":[{"href":"https:\/\/felixwebdesign.de\/de\/wp-json\/wp\/v2\/product"}],"about":[{"href":"https:\/\/felixwebdesign.de\/de\/wp-json\/wp\/v2\/types\/product"}],"replies":[{"embeddable":true,"href":"https:\/\/felixwebdesign.de\/de\/wp-json\/wp\/v2\/comments?post=936"}],"wp:featuredmedia":[{"embeddable":true,"href":"https:\/\/felixwebdesign.de\/de\/wp-json\/wp\/v2\/media\/938"}],"wp:attachment":[{"href":"https:\/\/felixwebdesign.de\/de\/wp-json\/wp\/v2\/media?parent=936"}],"wp:term":[{"taxonomy":"product_brand","embeddable":true,"href":"https:\/\/felixwebdesign.de\/de\/wp-json\/wp\/v2\/product_brand?post=936"},{"taxonomy":"product_cat","embeddable":true,"href":"https:\/\/felixwebdesign.de\/de\/wp-json\/wp\/v2\/product_cat?post=936"},{"taxonomy":"product_tag","embeddable":true,"href":"https:\/\/felixwebdesign.de\/de\/wp-json\/wp\/v2\/product_tag?post=936"}],"curies":[{"name":"wp","href":"https:\/\/api.w.org\/{rel}","templated":true}]}}