{"id":517,"date":"2024-06-14T11:04:31","date_gmt":"2024-06-14T09:04:31","guid":{"rendered":"https:\/\/felixwebdesign.de\/?post_type=product&#038;p=517"},"modified":"2024-11-25T16:46:19","modified_gmt":"2024-11-25T15:46:19","slug":"seo-renewal","status":"publish","type":"product","link":"https:\/\/felixwebdesign.de\/en\/product\/seo-renewal\/","title":{"rendered":"SEO License Extension"},"content":{"rendered":"<p>Renewal of your license for the <a href=\"https:\/\/felixwebdesign.de\/en\/product\/humhub-seo\/\">SEO module<\/a>.<\/p>\n<p>Please only purchase this product if your current license has not expired yet or has not expired for more than 6 months. In that case, please purchase the module again (see <a href=\"https:\/\/felixwebdesign.de\/en\/agb\/\">Terms and Conditions<\/a>).<\/p>\n<p>Once payment has been received, your license key will continue to run. If your previous license has already expired, you may receive a new license key.<\/p>","protected":false},"excerpt":{"rendered":"<p>License extension for the SEO module<\/p>","protected":false},"featured_media":347,"comment_status":"closed","ping_status":"closed","template":"","meta":{"site-sidebar-layout":"default","site-content-layout":"","ast-site-content-layout":"default","site-content-style":"default","site-sidebar-style":"default","ast-global-header-display":"","ast-banner-title-visibility":"","ast-main-header-display":"","ast-hfb-above-header-display":"","ast-hfb-below-header-display":"","ast-hfb-mobile-header-display":"","site-post-title":"","ast-breadcrumbs-content":"","ast-featured-img":"","footer-sml-layout":"","ast-disable-related-posts":"","theme-transparent-header-meta":"default","adv-header-id-meta":"","stick-header-meta":"","header-above-stick-meta":"","header-main-stick-meta":"","header-below-stick-meta":"","astra-migrate-meta-layouts":"set","ast-page-background-enabled":"default","ast-page-background-meta":{"desktop":{"background-color":"var(--ast-global-color-4)","background-image":"","background-repeat":"repeat","background-position":"center center","background-size":"auto","background-attachment":"scroll","background-type":"","background-media":"","overlay-type":"","overlay-color":"","overlay-opacity":"","overlay-gradient":""},"tablet":{"background-color":"","background-image":"","background-repeat":"repeat","background-position":"center center","background-size":"auto","background-attachment":"scroll","background-type":"","background-media":"","overlay-type":"","overlay-color":"","overlay-opacity":"","overlay-gradient":""},"mobile":{"background-color":"","background-image":"","background-repeat":"repeat","background-position":"center center","background-size":"auto","background-attachment":"scroll","background-type":"","background-media":"","overlay-type":"","overlay-color":"","overlay-opacity":"","overlay-gradient":""}},"ast-content-background-meta":{"desktop":{"background-color":"var(--ast-global-color-5)","background-image":"","background-repeat":"repeat","background-position":"center center","background-size":"auto","background-attachment":"scroll","background-type":"","background-media":"","overlay-type":"","overlay-color":"","overlay-opacity":"","overlay-gradient":""},"tablet":{"background-color":"var(--ast-global-color-5)","background-image":"","background-repeat":"repeat","background-position":"center center","background-size":"auto","background-attachment":"scroll","background-type":"","background-media":"","overlay-type":"","overlay-color":"","overlay-opacity":"","overlay-gradient":""},"mobile":{"background-color":"var(--ast-global-color-5)","background-image":"","background-repeat":"repeat","background-position":"center center","background-size":"auto","background-attachment":"scroll","background-type":"","background-media":"","overlay-type":"","overlay-color":"","overlay-opacity":"","overlay-gradient":""}}},"product_brand":[],"product_cat":[22,49],"product_tag":[],"class_list":{"0":"post-517","1":"product","2":"type-product","3":"status-publish","4":"has-post-thumbnail","6":"product_cat-humhub-modules","7":"product_cat-renewal","8":"desktop-align-left","9":"tablet-align-left","10":"mobile-align-left","12":"first","13":"instock","14":"virtual","15":"sold-individually","16":"purchasable","17":"product-type-simple"},"yoast_head":"<!-- This site is optimized with the Yoast SEO plugin v27.3 - https:\/\/yoast.com\/product\/yoast-seo-wordpress\/ -->\n<title>SEO Lizenz-Verl\u00e4ngerung - Felix Webdesign<\/title>\n<meta name=\"robots\" content=\"index, follow, max-snippet:-1, max-image-preview:large, max-video-preview:-1\" \/>\n<link rel=\"canonical\" href=\"https:\/\/felixwebdesign.de\/en\/product\/seo-renewal\/\" \/>\n<meta property=\"og:locale\" content=\"en_GB\" \/>\n<meta property=\"og:type\" content=\"article\" \/>\n<meta property=\"og:title\" content=\"SEO Lizenz-Verl\u00e4ngerung - Felix Webdesign\" \/>\n<meta property=\"og:description\" content=\"Lizenz-Verl\u00e4ngerung f\u00fcr das SEO-Modul\" \/>\n<meta property=\"og:url\" content=\"https:\/\/felixwebdesign.de\/en\/product\/seo-renewal\/\" \/>\n<meta property=\"og:site_name\" content=\"Felix Webdesign\" \/>\n<meta property=\"article:modified_time\" content=\"2024-11-25T15:46:19+00:00\" \/>\n<meta property=\"og:image\" content=\"https:\/\/felixwebdesign.de\/wp-content\/uploads\/2024\/03\/HumHub-SEO-Logo2.png\" \/>\n\t<meta property=\"og:image:width\" content=\"750\" \/>\n\t<meta property=\"og:image:height\" content=\"750\" \/>\n\t<meta property=\"og:image:type\" content=\"image\/png\" \/>\n<meta name=\"twitter:card\" content=\"summary_large_image\" \/>\n<meta name=\"twitter:label1\" content=\"Estimated reading time\" \/>\n\t<meta name=\"twitter:data1\" content=\"1 minute\" \/>\n<script type=\"application\/ld+json\" class=\"yoast-schema-graph\">{\"@context\":\"https:\\\/\\\/schema.org\",\"@graph\":[{\"@type\":[\"WebPage\",\"ItemPage\"],\"@id\":\"https:\\\/\\\/felixwebdesign.de\\\/en\\\/product\\\/seo-renewal\\\/\",\"url\":\"https:\\\/\\\/felixwebdesign.de\\\/en\\\/product\\\/seo-renewal\\\/\",\"name\":\"SEO Lizenz-Verl\u00e4ngerung - Felix Webdesign\",\"isPartOf\":{\"@id\":\"https:\\\/\\\/felixwebdesign.de\\\/en\\\/#website\"},\"primaryImageOfPage\":{\"@id\":\"https:\\\/\\\/felixwebdesign.de\\\/en\\\/product\\\/seo-renewal\\\/#primaryimage\"},\"image\":{\"@id\":\"https:\\\/\\\/felixwebdesign.de\\\/en\\\/product\\\/seo-renewal\\\/#primaryimage\"},\"thumbnailUrl\":\"https:\\\/\\\/felixwebdesign.de\\\/wp-content\\\/uploads\\\/2024\\\/03\\\/HumHub-SEO-Logo2.png\",\"datePublished\":\"2024-06-14T09:04:31+00:00\",\"dateModified\":\"2024-11-25T15:46:19+00:00\",\"breadcrumb\":{\"@id\":\"https:\\\/\\\/felixwebdesign.de\\\/en\\\/product\\\/seo-renewal\\\/#breadcrumb\"},\"inLanguage\":\"en-GB\",\"potentialAction\":[{\"@type\":\"ReadAction\",\"target\":[\"https:\\\/\\\/felixwebdesign.de\\\/en\\\/product\\\/seo-renewal\\\/\"]}]},{\"@type\":\"ImageObject\",\"inLanguage\":\"en-GB\",\"@id\":\"https:\\\/\\\/felixwebdesign.de\\\/en\\\/product\\\/seo-renewal\\\/#primaryimage\",\"url\":\"https:\\\/\\\/felixwebdesign.de\\\/wp-content\\\/uploads\\\/2024\\\/03\\\/HumHub-SEO-Logo2.png\",\"contentUrl\":\"https:\\\/\\\/felixwebdesign.de\\\/wp-content\\\/uploads\\\/2024\\\/03\\\/HumHub-SEO-Logo2.png\",\"width\":750,\"height\":750,\"caption\":\"SEO for HumHub\"},{\"@type\":\"BreadcrumbList\",\"@id\":\"https:\\\/\\\/felixwebdesign.de\\\/en\\\/product\\\/seo-renewal\\\/#breadcrumb\",\"itemListElement\":[{\"@type\":\"ListItem\",\"position\":1,\"name\":\"Startseite\",\"item\":\"https:\\\/\\\/felixwebdesign.de\\\/\"},{\"@type\":\"ListItem\",\"position\":2,\"name\":\"Shop\",\"item\":\"https:\\\/\\\/felixwebdesign.de\\\/en\\\/shop\\\/\"},{\"@type\":\"ListItem\",\"position\":3,\"name\":\"SEO Lizenz-Verl\u00e4ngerung\"}]},{\"@type\":\"WebSite\",\"@id\":\"https:\\\/\\\/felixwebdesign.de\\\/en\\\/#website\",\"url\":\"https:\\\/\\\/felixwebdesign.de\\\/en\\\/\",\"name\":\"Felix Webdesign\",\"description\":\"\",\"publisher\":{\"@id\":\"https:\\\/\\\/felixwebdesign.de\\\/en\\\/#organization\"},\"potentialAction\":[{\"@type\":\"SearchAction\",\"target\":{\"@type\":\"EntryPoint\",\"urlTemplate\":\"https:\\\/\\\/felixwebdesign.de\\\/en\\\/?s={search_term_string}\"},\"query-input\":{\"@type\":\"PropertyValueSpecification\",\"valueRequired\":true,\"valueName\":\"search_term_string\"}}],\"inLanguage\":\"en-GB\"},{\"@type\":\"Organization\",\"@id\":\"https:\\\/\\\/felixwebdesign.de\\\/en\\\/#organization\",\"name\":\"Felix Webdesign\",\"url\":\"https:\\\/\\\/felixwebdesign.de\\\/en\\\/\",\"logo\":{\"@type\":\"ImageObject\",\"inLanguage\":\"en-GB\",\"@id\":\"https:\\\/\\\/felixwebdesign.de\\\/en\\\/#\\\/schema\\\/logo\\\/image\\\/\",\"url\":\"https:\\\/\\\/felixwebdesign.de\\\/wp-content\\\/uploads\\\/2024\\\/02\\\/logo-transparenz.png\",\"contentUrl\":\"https:\\\/\\\/felixwebdesign.de\\\/wp-content\\\/uploads\\\/2024\\\/02\\\/logo-transparenz.png\",\"width\":500,\"height\":500,\"caption\":\"Felix Webdesign\"},\"image\":{\"@id\":\"https:\\\/\\\/felixwebdesign.de\\\/en\\\/#\\\/schema\\\/logo\\\/image\\\/\"}}]}<\/script>\n<!-- \/ Yoast SEO plugin. -->","yoast_head_json":{"title":"SEO Lizenz-Verl\u00e4ngerung - Felix Webdesign","robots":{"index":"index","follow":"follow","max-snippet":"max-snippet:-1","max-image-preview":"max-image-preview:large","max-video-preview":"max-video-preview:-1"},"canonical":"https:\/\/felixwebdesign.de\/en\/product\/seo-renewal\/","og_locale":"en_GB","og_type":"article","og_title":"SEO Lizenz-Verl\u00e4ngerung - Felix Webdesign","og_description":"Lizenz-Verl\u00e4ngerung f\u00fcr das SEO-Modul","og_url":"https:\/\/felixwebdesign.de\/en\/product\/seo-renewal\/","og_site_name":"Felix Webdesign","article_modified_time":"2024-11-25T15:46:19+00:00","og_image":[{"width":750,"height":750,"url":"https:\/\/felixwebdesign.de\/wp-content\/uploads\/2024\/03\/HumHub-SEO-Logo2.png","type":"image\/png"}],"twitter_card":"summary_large_image","twitter_misc":{"Estimated reading time":"1 minute"},"schema":{"@context":"https:\/\/schema.org","@graph":[{"@type":["WebPage","ItemPage"],"@id":"https:\/\/felixwebdesign.de\/en\/product\/seo-renewal\/","url":"https:\/\/felixwebdesign.de\/en\/product\/seo-renewal\/","name":"SEO Lizenz-Verl\u00e4ngerung - Felix Webdesign","isPartOf":{"@id":"https:\/\/felixwebdesign.de\/en\/#website"},"primaryImageOfPage":{"@id":"https:\/\/felixwebdesign.de\/en\/product\/seo-renewal\/#primaryimage"},"image":{"@id":"https:\/\/felixwebdesign.de\/en\/product\/seo-renewal\/#primaryimage"},"thumbnailUrl":"https:\/\/felixwebdesign.de\/wp-content\/uploads\/2024\/03\/HumHub-SEO-Logo2.png","datePublished":"2024-06-14T09:04:31+00:00","dateModified":"2024-11-25T15:46:19+00:00","breadcrumb":{"@id":"https:\/\/felixwebdesign.de\/en\/product\/seo-renewal\/#breadcrumb"},"inLanguage":"en-GB","potentialAction":[{"@type":"ReadAction","target":["https:\/\/felixwebdesign.de\/en\/product\/seo-renewal\/"]}]},{"@type":"ImageObject","inLanguage":"en-GB","@id":"https:\/\/felixwebdesign.de\/en\/product\/seo-renewal\/#primaryimage","url":"https:\/\/felixwebdesign.de\/wp-content\/uploads\/2024\/03\/HumHub-SEO-Logo2.png","contentUrl":"https:\/\/felixwebdesign.de\/wp-content\/uploads\/2024\/03\/HumHub-SEO-Logo2.png","width":750,"height":750,"caption":"SEO for HumHub"},{"@type":"BreadcrumbList","@id":"https:\/\/felixwebdesign.de\/en\/product\/seo-renewal\/#breadcrumb","itemListElement":[{"@type":"ListItem","position":1,"name":"Startseite","item":"https:\/\/felixwebdesign.de\/"},{"@type":"ListItem","position":2,"name":"Shop","item":"https:\/\/felixwebdesign.de\/en\/shop\/"},{"@type":"ListItem","position":3,"name":"SEO Lizenz-Verl\u00e4ngerung"}]},{"@type":"WebSite","@id":"https:\/\/felixwebdesign.de\/en\/#website","url":"https:\/\/felixwebdesign.de\/en\/","name":"Felix Webdesign","description":"","publisher":{"@id":"https:\/\/felixwebdesign.de\/en\/#organization"},"potentialAction":[{"@type":"SearchAction","target":{"@type":"EntryPoint","urlTemplate":"https:\/\/felixwebdesign.de\/en\/?s={search_term_string}"},"query-input":{"@type":"PropertyValueSpecification","valueRequired":true,"valueName":"search_term_string"}}],"inLanguage":"en-GB"},{"@type":"Organization","@id":"https:\/\/felixwebdesign.de\/en\/#organization","name":"Felix Webdesign","url":"https:\/\/felixwebdesign.de\/en\/","logo":{"@type":"ImageObject","inLanguage":"en-GB","@id":"https:\/\/felixwebdesign.de\/en\/#\/schema\/logo\/image\/","url":"https:\/\/felixwebdesign.de\/wp-content\/uploads\/2024\/02\/logo-transparenz.png","contentUrl":"https:\/\/felixwebdesign.de\/wp-content\/uploads\/2024\/02\/logo-transparenz.png","width":500,"height":500,"caption":"Felix Webdesign"},"image":{"@id":"https:\/\/felixwebdesign.de\/en\/#\/schema\/logo\/image\/"}}]}},"_links":{"self":[{"href":"https:\/\/felixwebdesign.de\/en\/wp-json\/wp\/v2\/product\/517","targetHints":{"allow":["GET"]}}],"collection":[{"href":"https:\/\/felixwebdesign.de\/en\/wp-json\/wp\/v2\/product"}],"about":[{"href":"https:\/\/felixwebdesign.de\/en\/wp-json\/wp\/v2\/types\/product"}],"replies":[{"embeddable":true,"href":"https:\/\/felixwebdesign.de\/en\/wp-json\/wp\/v2\/comments?post=517"}],"wp:featuredmedia":[{"embeddable":true,"href":"https:\/\/felixwebdesign.de\/en\/wp-json\/wp\/v2\/media\/347"}],"wp:attachment":[{"href":"https:\/\/felixwebdesign.de\/en\/wp-json\/wp\/v2\/media?parent=517"}],"wp:term":[{"taxonomy":"product_brand","embeddable":true,"href":"https:\/\/felixwebdesign.de\/en\/wp-json\/wp\/v2\/product_brand?post=517"},{"taxonomy":"product_cat","embeddable":true,"href":"https:\/\/felixwebdesign.de\/en\/wp-json\/wp\/v2\/product_cat?post=517"},{"taxonomy":"product_tag","embeddable":true,"href":"https:\/\/felixwebdesign.de\/en\/wp-json\/wp\/v2\/product_tag?post=517"}],"curies":[{"name":"wp","href":"https:\/\/api.w.org\/{rel}","templated":true}]}}